{"id":22,"date":"2022-04-13T14:38:17","date_gmt":"2022-04-13T14:38:17","guid":{"rendered":"https:\/\/xstore.8theme.com\/elementor\/demos\/business02\/?page_id=22"},"modified":"2023-07-12T18:03:48","modified_gmt":"2023-07-12T18:03:48","slug":"nosotros","status":"publish","type":"page","link":"https:\/\/agefinsa.com\/hn\/nosotros\/","title":{"rendered":"Nosotros"},"content":{"rendered":"\t\t<div data-elementor-type=\"wp-page\" data-elementor-id=\"22\" class=\"elementor elementor-22\">\n\t\t\t\t\t\t<section class=\"elementor-section elementor-top-section elementor-element elementor-element-cd62861 elementor-section-height-min-height elementor-section-stretched elementor-section-boxed elementor-section-height-default elementor-section-items-middle\" data-id=\"cd62861\" data-element_type=\"section\" data-settings=\"{&quot;stretch_section&quot;:&quot;section-stretched&quot;,&quot;background_background&quot;:&quot;classic&quot;}\">\n\t\t\t\t\t\t\t<div class=\"elementor-background-overlay\"><\/div>\n\t\t\t\t\t\t\t<div class=\"elementor-container elementor-column-gap-custom\">\n\t\t\t\t\t<div class=\"elementor-column elementor-col-100 elementor-top-column elementor-element elementor-element-655a228\" data-id=\"655a228\" data-element_type=\"column\">\n\t\t\t<div class=\"elementor-widget-wrap elementor-element-populated\">\n\t\t\t\t\t\t<div class=\"elementor-element elementor-element-ec1dc28 elementor-align-left elementor-widget elementor-widget-etheme_advanced_headline\" data-id=\"ec1dc28\" data-element_type=\"widget\" data-widget_type=\"etheme_advanced_headline.default\">\n\t\t\t\t<div class=\"elementor-widget-container\">\n\t\t\t\t\t        \n        <div class=\"etheme-a-h-wrapper\">\n        \n                            <span class=\"etheme-a-h-text-before\">\n                    Sobre                <\/span>\n            \n        <h2 class=\"etheme-advanced-headline etheme-advanced-headline-mask\">\n\n            Nosotros\n        <\/h2>\n\t\t\n                    \n        <\/div>\n        \n\t\t\t\t\t\t<\/div>\n\t\t\t\t<\/div>\n\t\t\t\t\t<\/div>\n\t\t<\/div>\n\t\t\t\t\t<\/div>\n\t\t<\/section>\n\t\t\t\t<section class=\"elementor-section elementor-top-section elementor-element elementor-element-81e7258 elementor-section-content-middle elementor-section-boxed elementor-section-height-default elementor-section-height-default\" data-id=\"81e7258\" data-element_type=\"section\">\n\t\t\t\t\t\t<div class=\"elementor-container elementor-column-gap-no\">\n\t\t\t\t\t<div class=\"elementor-column elementor-col-50 elementor-top-column elementor-element elementor-element-0be7739\" data-id=\"0be7739\" data-element_type=\"column\">\n\t\t\t<div class=\"elementor-widget-wrap elementor-element-populated\">\n\t\t\t\t\t\t<div class=\"elementor-element elementor-element-714d4d4 elementor-widget elementor-widget-heading\" data-id=\"714d4d4\" data-element_type=\"widget\" data-widget_type=\"heading.default\">\n\t\t\t\t<div class=\"elementor-widget-container\">\n\t\t\t\t\t<h2 class=\"elementor-heading-title elementor-size-default\">NOSOTROS:<\/h2>\t\t\t\t<\/div>\n\t\t\t\t<\/div>\n\t\t\t\t<div class=\"elementor-element elementor-element-cedeb4b elementor-widget elementor-widget-text-editor\" data-id=\"cedeb4b\" data-element_type=\"widget\" data-widget_type=\"text-editor.default\">\n\t\t\t\t<div class=\"elementor-widget-container\">\n\t\t\t\t\t\t\t\t\t<p>En <strong>Agencia Farmac\u00e9utica Internacional S.A.<\/strong> hemos mejorado la salud y calidad de vida de las personas en Guatemala desde 1995, iniciando en el 2018 nuestras operaciones en Honduras a trav\u00e9s de <strong>Corpolabf S.A.<\/strong><\/p><p>Nuestra filosof\u00eda nos motiv\u00f3 a estudiar el mercado hondure\u00f1o e identificamos la necesidad de incursionar en \u00e9l, llevando medicamentos necesarios para mejorar la calidad de vida y salud de los pacientes. As\u00edmismo, poner a dispocisi\u00f3n de profesionales de la salud un cat\u00e1logo innovador y de alta calidad.\u00a0<\/p><p>Trabajamos de la mano con grandes compa\u00f1\u00edas farmac\u00e9uticas, distribuyendo medicamentos para distintas especialidades. Aseguramos la integridad de los productos dando soporte a las actividades comerciales y log\u00edsticas que llevamos a cabo.<\/p>\t\t\t\t\t\t\t\t<\/div>\n\t\t\t\t<\/div>\n\t\t\t\t\t<\/div>\n\t\t<\/div>\n\t\t\t\t<div class=\"elementor-column elementor-col-50 elementor-top-column elementor-element elementor-element-4bcecae elementor-hidden-mobile\" data-id=\"4bcecae\" data-element_type=\"column\">\n\t\t\t<div class=\"elementor-widget-wrap elementor-element-populated\">\n\t\t\t\t\t\t<div class=\"elementor-element elementor-element-556f967 elementor-absolute etheme-parallax-scroll_effects elementor-widget elementor-widget-image\" data-id=\"556f967\" data-element_type=\"widget\" data-settings=\"{&quot;etheme_parallax_scroll_y&quot;:&quot;50&quot;,&quot;etheme_parallax&quot;:&quot;yes&quot;,&quot;_position&quot;:&quot;absolute&quot;,&quot;etheme_parallax_type&quot;:&quot;scroll_effects&quot;,&quot;etheme_parallax_scroll_scale&quot;:{&quot;unit&quot;:&quot;px&quot;,&quot;size&quot;:1,&quot;sizes&quot;:[]},&quot;etheme_parallax_scroll_x&quot;:0,&quot;etheme_parallax_scroll_z&quot;:0,&quot;etheme_parallax_scroll_rotate&quot;:{&quot;unit&quot;:&quot;px&quot;,&quot;size&quot;:0,&quot;sizes&quot;:[]},&quot;etheme_parallax_scroll_perspective&quot;:{&quot;unit&quot;:&quot;px&quot;,&quot;size&quot;:800,&quot;sizes&quot;:[]},&quot;etheme_parallax_scroll_smoothness&quot;:{&quot;unit&quot;:&quot;px&quot;,&quot;size&quot;:30,&quot;sizes&quot;:[]}}\" data-widget_type=\"image.default\">\n\t\t\t\t<div class=\"elementor-widget-container\">\n\t\t\t\t\t\t\t\t\t\t\t\t\t\t\t<img loading=\"lazy\" loading=\"lazy\" decoding=\"async\" width=\"462\" height=\"578\" src=\"https:\/\/agefinsa.com\/hn\/wp-content\/uploads\/2022\/04\/Pattern-min.jpeg\" class=\"attachment-full size-full wp-image-1219\" alt=\"\" \/>\t\t\t\t\t\t\t\t\t\t\t\t\t\t\t<\/div>\n\t\t\t\t<\/div>\n\t\t\t\t<div class=\"elementor-element elementor-element-3e631b23 elementor-absolute etheme-parallax-scroll_effects elementor-widget elementor-widget-image\" data-id=\"3e631b23\" data-element_type=\"widget\" data-settings=\"{&quot;etheme_parallax_scroll_y&quot;:&quot;-50&quot;,&quot;etheme_parallax&quot;:&quot;yes&quot;,&quot;_position&quot;:&quot;absolute&quot;,&quot;etheme_parallax_type&quot;:&quot;scroll_effects&quot;,&quot;etheme_parallax_scroll_scale&quot;:{&quot;unit&quot;:&quot;px&quot;,&quot;size&quot;:1,&quot;sizes&quot;:[]},&quot;etheme_parallax_scroll_x&quot;:0,&quot;etheme_parallax_scroll_z&quot;:0,&quot;etheme_parallax_scroll_rotate&quot;:{&quot;unit&quot;:&quot;px&quot;,&quot;size&quot;:0,&quot;sizes&quot;:[]},&quot;etheme_parallax_scroll_perspective&quot;:{&quot;unit&quot;:&quot;px&quot;,&quot;size&quot;:800,&quot;sizes&quot;:[]},&quot;etheme_parallax_scroll_smoothness&quot;:{&quot;unit&quot;:&quot;px&quot;,&quot;size&quot;:30,&quot;sizes&quot;:[]}}\" data-widget_type=\"image.default\">\n\t\t\t\t<div class=\"elementor-widget-container\">\n\t\t\t\t\t\t\t\t\t\t\t\t\t\t\t<img loading=\"lazy\" loading=\"lazy\" decoding=\"async\" width=\"457\" height=\"550\" src=\"https:\/\/agefinsa.com\/hn\/wp-content\/uploads\/2023\/07\/Nosotros-imagen-1.png\" class=\"attachment-full size-full wp-image-2137\" alt=\"\" srcset=\"https:\/\/agefinsa.com\/hn\/wp-content\/uploads\/2023\/07\/Nosotros-imagen-1.png.webp 457w, https:\/\/agefinsa.com\/hn\/wp-content\/uploads\/2023\/07\/Nosotros-imagen-1-249x300.png.webp 249w, https:\/\/agefinsa.com\/hn\/wp-content\/uploads\/2023\/07\/Nosotros-imagen-1-1x1.png.webp 1w, https:\/\/agefinsa.com\/hn\/wp-content\/uploads\/2023\/07\/Nosotros-imagen-1-8x10.png.webp 8w\" sizes=\"auto, (max-width: 457px) 100vw, 457px\" \/>\t\t\t\t\t\t\t\t\t\t\t\t\t\t\t<\/div>\n\t\t\t\t<\/div>\n\t\t\t\t\t<\/div>\n\t\t<\/div>\n\t\t\t\t\t<\/div>\n\t\t<\/section>\n\t\t\t\t<section class=\"elementor-section elementor-top-section elementor-element elementor-element-a0e7708 elementor-section-stretched elementor-section-boxed elementor-section-height-default elementor-section-height-default\" data-id=\"a0e7708\" data-element_type=\"section\" data-settings=\"{&quot;stretch_section&quot;:&quot;section-stretched&quot;,&quot;background_background&quot;:&quot;classic&quot;}\">\n\t\t\t\t\t\t<div class=\"elementor-container elementor-column-gap-no\">\n\t\t\t\t\t<div class=\"elementor-column elementor-col-100 elementor-top-column elementor-element elementor-element-0fc192a\" data-id=\"0fc192a\" data-element_type=\"column\">\n\t\t\t<div class=\"elementor-widget-wrap elementor-element-populated\">\n\t\t\t\t\t\t<section class=\"elementor-section elementor-inner-section elementor-element elementor-element-bf863e6 elementor-section-content-middle elementor-reverse-tablet elementor-reverse-mobile elementor-section-boxed elementor-section-height-default elementor-section-height-default\" data-id=\"bf863e6\" data-element_type=\"section\">\n\t\t\t\t\t\t<div class=\"elementor-container elementor-column-gap-no\">\n\t\t\t\t\t<div class=\"elementor-column elementor-col-50 elementor-inner-column elementor-element elementor-element-3ba1340\" data-id=\"3ba1340\" data-element_type=\"column\" data-settings=\"{&quot;background_background&quot;:&quot;classic&quot;}\">\n\t\t\t<div class=\"elementor-widget-wrap elementor-element-populated\">\n\t\t\t\t\t\t<div class=\"elementor-element elementor-element-ac0b29d elementor-widget elementor-widget-spacer\" data-id=\"ac0b29d\" data-element_type=\"widget\" data-widget_type=\"spacer.default\">\n\t\t\t\t<div class=\"elementor-widget-container\">\n\t\t\t\t\t\t\t<div class=\"elementor-spacer\">\n\t\t\t<div class=\"elementor-spacer-inner\"><\/div>\n\t\t<\/div>\n\t\t\t\t\t\t<\/div>\n\t\t\t\t<\/div>\n\t\t\t\t\t<\/div>\n\t\t<\/div>\n\t\t\t\t<div class=\"elementor-column elementor-col-50 elementor-inner-column elementor-element elementor-element-0ef7cd1\" data-id=\"0ef7cd1\" data-element_type=\"column\" data-settings=\"{&quot;background_background&quot;:&quot;gradient&quot;}\">\n\t\t\t<div class=\"elementor-widget-wrap elementor-element-populated\">\n\t\t\t\t\t\t<div class=\"elementor-element elementor-element-e11d4ed elementor-align-left elementor-mobile-align-center elementor-widget elementor-widget-etheme_advanced_headline\" data-id=\"e11d4ed\" data-element_type=\"widget\" data-widget_type=\"etheme_advanced_headline.default\">\n\t\t\t\t<div class=\"elementor-widget-container\">\n\t\t\t\t\t        \n        <div class=\"etheme-a-h-wrapper etheme-a-h-with-bg etheme-a-h-lines-none\">\n        \n            \n        <h2 class=\"etheme-advanced-headline\">\n\n            Politica de Calidad\n        <\/h2>\n\t\t\n                    \n        <\/div>\n        \n\t\t\t\t\t\t<\/div>\n\t\t\t\t<\/div>\n\t\t\t\t<div class=\"elementor-element elementor-element-a64fa09 elementor-widget elementor-widget-text-editor\" data-id=\"a64fa09\" data-element_type=\"widget\" data-widget_type=\"text-editor.default\">\n\t\t\t\t<div class=\"elementor-widget-container\">\n\t\t\t\t\t\t\t\t\t<p>Nuestro compromiso es brindar servicios de distribuci\u00f3n y representaci\u00f3n de productos farmac\u00e9uticos y nutricionales. Buscamos la innovaci\u00f3n para ayudar a mejorar la calidad de vida de las personas. Promovemos el fortalecimiento de las marcas representadas, mediante el cumplimiento de los requisitos legales y reglamentarios aplicables con personal altamente capacitado que brinda servicios de excelencia.<\/p><p>Mejoramos continuamente nuestros procesos, para generar confianza, satisfacci\u00f3n y crecimiento de nuestros clientes, socios comerciales, proveedores, accionistas y colaboradores.<\/p>\t\t\t\t\t\t\t\t<\/div>\n\t\t\t\t<\/div>\n\t\t\t\t\t<\/div>\n\t\t<\/div>\n\t\t\t\t\t<\/div>\n\t\t<\/section>\n\t\t\t\t\t<\/div>\n\t\t<\/div>\n\t\t\t\t\t<\/div>\n\t\t<\/section>\n\t\t\t\t<\/div>\n\t\t","protected":false},"excerpt":{"rendered":"<p>Sobre Nosotros NOSOTROS: En Agencia Farmac\u00e9utica Internacional S.A. hemos mejorado la salud y calidad de vida de las personas en Guatemala desde 1995, iniciando en&#8230;<\/p>\n","protected":false},"author":1,"featured_media":1167,"parent":0,"menu_order":0,"comment_status":"closed","ping_status":"closed","template":"elementor_header_footer","meta":{"footnotes":""},"class_list":["post-22","page","type-page","status-publish","has-post-thumbnail","hentry"],"_links":{"self":[{"href":"https:\/\/agefinsa.com\/hn\/wp-json\/wp\/v2\/pages\/22","targetHints":{"allow":["GET"]}}],"collection":[{"href":"https:\/\/agefinsa.com\/hn\/wp-json\/wp\/v2\/pages"}],"about":[{"href":"https:\/\/agefinsa.com\/hn\/wp-json\/wp\/v2\/types\/page"}],"author":[{"embeddable":true,"href":"https:\/\/agefinsa.com\/hn\/wp-json\/wp\/v2\/users\/1"}],"replies":[{"embeddable":true,"href":"https:\/\/agefinsa.com\/hn\/wp-json\/wp\/v2\/comments?post=22"}],"version-history":[{"count":0,"href":"https:\/\/agefinsa.com\/hn\/wp-json\/wp\/v2\/pages\/22\/revisions"}],"wp:featuredmedia":[{"embeddable":true,"href":"https:\/\/agefinsa.com\/hn\/wp-json\/wp\/v2\/media\/1167"}],"wp:attachment":[{"href":"https:\/\/agefinsa.com\/hn\/wp-json\/wp\/v2\/media?parent=22"}],"curies":[{"name":"wp","href":"https:\/\/api.w.org\/{rel}","templated":true}]}}