{"id":22,"date":"2022-04-13T14:38:17","date_gmt":"2022-04-13T14:38:17","guid":{"rendered":"https:\/\/xstore.8theme.com\/elementor\/demos\/business02\/?page_id=22"},"modified":"2025-10-04T02:34:52","modified_gmt":"2025-10-04T02:34:52","slug":"nosotros","status":"publish","type":"page","link":"https:\/\/agefinsa.com\/mx\/en\/nosotros\/","title":{"rendered":"About Us"},"content":{"rendered":"<div data-elementor-type=\"wp-page\" data-elementor-id=\"22\" class=\"elementor elementor-22\">\n\t\t\t\t\t\t<section class=\"elementor-section elementor-top-section elementor-element elementor-element-cd62861 elementor-section-height-min-height elementor-section-stretched elementor-section-boxed elementor-section-height-default elementor-section-items-middle\" data-id=\"cd62861\" data-element_type=\"section\" data-settings=\"{&quot;stretch_section&quot;:&quot;section-stretched&quot;,&quot;background_background&quot;:&quot;classic&quot;}\">\n\t\t\t\t\t\t\t<div class=\"elementor-background-overlay\"><\/div>\n\t\t\t\t\t\t\t<div class=\"elementor-container elementor-column-gap-custom\">\n\t\t\t\t\t<div class=\"elementor-column elementor-col-100 elementor-top-column elementor-element elementor-element-655a228\" data-id=\"655a228\" data-element_type=\"column\">\n\t\t\t<div class=\"elementor-widget-wrap elementor-element-populated\">\n\t\t\t\t\t\t<div class=\"elementor-element elementor-element-ec1dc28 elementor-align-left elementor-widget elementor-widget-etheme_advanced_headline\" data-id=\"ec1dc28\" data-element_type=\"widget\" data-widget_type=\"etheme_advanced_headline.default\">\n\t\t\t\t<div class=\"elementor-widget-container\">\n\t\t\t\t\t        \n        <div class=\"etheme-a-h-wrapper\">\n        \n                            <span class=\"etheme-a-h-text-before\">\n                    About                <\/span>\n            \n        <h2 class=\"etheme-advanced-headline etheme-advanced-headline-mask\">\n\n            About Us\n        <\/h2>\n\t\t\n                    \n        <\/div>\n        \n\t\t\t\t\t\t<\/div>\n\t\t\t\t<\/div>\n\t\t\t\t\t<\/div>\n\t\t<\/div>\n\t\t\t\t\t<\/div>\n\t\t<\/section>\n\t\t\t\t<section class=\"elementor-section elementor-top-section elementor-element elementor-element-81e7258 elementor-section-content-middle elementor-section-boxed elementor-section-height-default elementor-section-height-default\" data-id=\"81e7258\" data-element_type=\"section\">\n\t\t\t\t\t\t<div class=\"elementor-container elementor-column-gap-no\">\n\t\t\t\t\t<div class=\"elementor-column elementor-col-50 elementor-top-column elementor-element elementor-element-0be7739\" data-id=\"0be7739\" data-element_type=\"column\">\n\t\t\t<div class=\"elementor-widget-wrap elementor-element-populated\">\n\t\t\t\t\t\t<div class=\"elementor-element elementor-element-cedeb4b elementor-widget elementor-widget-text-editor\" data-id=\"cedeb4b\" data-element_type=\"widget\" data-widget_type=\"text-editor.default\">\n\t\t\t\t<div class=\"elementor-widget-container\">\n\t\t\t\t\t\t\t\t\t<p>Established in Guatemala in 1995, Agefinsa was born with the intention of offering high quality products and solutions for health professionals.<\/p><p>In Mexico, as a pharmaceutical company since 2021, we have a production and importation plant located in Puebla under the name of Natural Medic Quim, and corporate offices in Mexico City.<\/p><p>Today we provide medicines for hospital use where we have a solid track record that supports the need for them.<\/p><p>Our commitment is to improve the life of patients and the quality of practice of health professionals.<\/p>\t\t\t\t\t\t\t\t<\/div>\n\t\t\t\t<\/div>\n\t\t\t\t\t<\/div>\n\t\t<\/div>\n\t\t\t\t<div class=\"elementor-column elementor-col-50 elementor-top-column elementor-element elementor-element-4bcecae elementor-hidden-mobile\" data-id=\"4bcecae\" data-element_type=\"column\">\n\t\t\t<div class=\"elementor-widget-wrap elementor-element-populated\">\n\t\t\t\t\t\t<div class=\"elementor-element elementor-element-556f967 elementor-absolute etheme-parallax-scroll_effects elementor-widget elementor-widget-image\" data-id=\"556f967\" data-element_type=\"widget\" data-settings=\"{&quot;etheme_parallax_scroll_y&quot;:&quot;50&quot;,&quot;etheme_parallax&quot;:&quot;yes&quot;,&quot;_position&quot;:&quot;absolute&quot;,&quot;etheme_parallax_type&quot;:&quot;scroll_effects&quot;,&quot;etheme_parallax_scroll_scale&quot;:{&quot;unit&quot;:&quot;px&quot;,&quot;size&quot;:1,&quot;sizes&quot;:[]},&quot;etheme_parallax_scroll_x&quot;:0,&quot;etheme_parallax_scroll_z&quot;:0,&quot;etheme_parallax_scroll_rotate&quot;:{&quot;unit&quot;:&quot;px&quot;,&quot;size&quot;:0,&quot;sizes&quot;:[]},&quot;etheme_parallax_scroll_perspective&quot;:{&quot;unit&quot;:&quot;px&quot;,&quot;size&quot;:800,&quot;sizes&quot;:[]},&quot;etheme_parallax_scroll_smoothness&quot;:{&quot;unit&quot;:&quot;px&quot;,&quot;size&quot;:30,&quot;sizes&quot;:[]}}\" data-widget_type=\"image.default\">\n\t\t\t\t<div class=\"elementor-widget-container\">\n\t\t\t\t\t\t\t\t\t\t\t\t\t\t\t<img loading=\"lazy\" decoding=\"async\" width=\"462\" height=\"578\" src=\"https:\/\/agefinsa.com\/mx\/wp-content\/uploads\/2022\/04\/Pattern-min.jpeg\" class=\"attachment-full size-full wp-image-1219\" alt=\"\" \/>\t\t\t\t\t\t\t\t\t\t\t\t\t\t\t<\/div>\n\t\t\t\t<\/div>\n\t\t\t\t<div class=\"elementor-element elementor-element-3e631b23 elementor-absolute etheme-parallax-scroll_effects elementor-widget elementor-widget-image\" data-id=\"3e631b23\" data-element_type=\"widget\" data-settings=\"{&quot;etheme_parallax_scroll_y&quot;:&quot;-50&quot;,&quot;etheme_parallax&quot;:&quot;yes&quot;,&quot;_position&quot;:&quot;absolute&quot;,&quot;etheme_parallax_type&quot;:&quot;scroll_effects&quot;,&quot;etheme_parallax_scroll_scale&quot;:{&quot;unit&quot;:&quot;px&quot;,&quot;size&quot;:1,&quot;sizes&quot;:[]},&quot;etheme_parallax_scroll_x&quot;:0,&quot;etheme_parallax_scroll_z&quot;:0,&quot;etheme_parallax_scroll_rotate&quot;:{&quot;unit&quot;:&quot;px&quot;,&quot;size&quot;:0,&quot;sizes&quot;:[]},&quot;etheme_parallax_scroll_perspective&quot;:{&quot;unit&quot;:&quot;px&quot;,&quot;size&quot;:800,&quot;sizes&quot;:[]},&quot;etheme_parallax_scroll_smoothness&quot;:{&quot;unit&quot;:&quot;px&quot;,&quot;size&quot;:30,&quot;sizes&quot;:[]}}\" data-widget_type=\"image.default\">\n\t\t\t\t<div class=\"elementor-widget-container\">\n\t\t\t\t\t\t\t\t\t\t\t\t\t\t\t<img loading=\"lazy\" decoding=\"async\" width=\"457\" height=\"550\" src=\"https:\/\/agefinsa.com\/mx\/wp-content\/uploads\/2022\/11\/Diseno-sin-titulo-3.png\" class=\"attachment-full size-full wp-image-1816\" alt=\"\" srcset=\"https:\/\/agefinsa.com\/mx\/wp-content\/uploads\/2022\/11\/Diseno-sin-titulo-3.png 457w, https:\/\/agefinsa.com\/mx\/wp-content\/uploads\/2022\/11\/Diseno-sin-titulo-3-249x300.png 249w, https:\/\/agefinsa.com\/mx\/wp-content\/uploads\/2022\/11\/Diseno-sin-titulo-3-1x1.png 1w, https:\/\/agefinsa.com\/mx\/wp-content\/uploads\/2022\/11\/Diseno-sin-titulo-3-8x10.png 8w\" sizes=\"auto, (max-width: 457px) 100vw, 457px\" \/>\t\t\t\t\t\t\t\t\t\t\t\t\t\t\t<\/div>\n\t\t\t\t<\/div>\n\t\t\t\t\t<\/div>\n\t\t<\/div>\n\t\t\t\t\t<\/div>\n\t\t<\/section>\n\t\t\t\t<section class=\"elementor-section elementor-top-section elementor-element elementor-element-9faa87d elementor-section-boxed elementor-section-height-default elementor-section-height-default\" data-id=\"9faa87d\" data-element_type=\"section\">\n\t\t\t\t\t\t<div class=\"elementor-container elementor-column-gap-default\">\n\t\t\t\t\t<div class=\"elementor-column elementor-col-100 elementor-top-column elementor-element elementor-element-13c4954\" data-id=\"13c4954\" data-element_type=\"column\">\n\t\t\t<div class=\"elementor-widget-wrap elementor-element-populated\">\n\t\t\t\t\t\t<div class=\"elementor-element elementor-element-dbb3b87 elementor-widget elementor-widget-spacer\" data-id=\"dbb3b87\" data-element_type=\"widget\" data-widget_type=\"spacer.default\">\n\t\t\t\t<div class=\"elementor-widget-container\">\n\t\t\t\t\t\t\t<div class=\"elementor-spacer\">\n\t\t\t<div class=\"elementor-spacer-inner\"><\/div>\n\t\t<\/div>\n\t\t\t\t\t\t<\/div>\n\t\t\t\t<\/div>\n\t\t\t\t\t<\/div>\n\t\t<\/div>\n\t\t\t\t\t<\/div>\n\t\t<\/section>\n\t\t\t\t<\/div>","protected":false},"excerpt":{"rendered":"<p>Sobre Nosotros Establecidos en Guatemala en 1995, Agefinsa nace con la intenci\u00f3n de ofrecer productos de alta calidad y soluciones para los profesionales de la&#8230;<\/p>","protected":false},"author":1,"featured_media":1167,"parent":0,"menu_order":0,"comment_status":"closed","ping_status":"closed","template":"elementor_header_footer","meta":{"footnotes":""},"class_list":["post-22","page","type-page","status-publish","has-post-thumbnail","hentry"],"yoast_head":"<!-- This site is optimized with the Yoast SEO plugin v26.2 - https:\/\/yoast.com\/wordpress\/plugins\/seo\/ -->\n<title>Nosotros - AGEFINSA M\u00e9xico<\/title>\n<meta name=\"description\" content=\"Con\u00f3zcanos m\u00e1s. Estamos comprometidos en ayudar a mejorar la salud de vida de los pacientes.\" \/>\n<meta name=\"robots\" content=\"index, follow, max-snippet:-1, max-image-preview:large, max-video-preview:-1\" \/>\n<link rel=\"canonical\" href=\"https:\/\/agefinsa.com\/mx\/en\/nosotros\/\" \/>\n<meta property=\"og:locale\" content=\"en_US\" \/>\n<meta property=\"og:type\" content=\"article\" \/>\n<meta property=\"og:title\" content=\"Nosotros - AGEFINSA M\u00e9xico\" \/>\n<meta property=\"og:description\" content=\"Con\u00f3zcanos m\u00e1s. Estamos comprometidos en ayudar a mejorar la salud de vida de los pacientes.\" \/>\n<meta property=\"og:url\" content=\"https:\/\/agefinsa.com\/mx\/en\/nosotros\/\" \/>\n<meta property=\"og:site_name\" content=\"AGEFINSA M\u00e9xico\" \/>\n<meta property=\"article:publisher\" content=\"https:\/\/www.facebook.com\/profile.php?id=100093304913848\" \/>\n<meta property=\"article:modified_time\" content=\"2025-10-04T02:34:52+00:00\" \/>\n<meta property=\"og:image\" content=\"https:\/\/agefinsa.com\/mx\/wp-content\/uploads\/2022\/04\/Box-min-1.jpeg\" \/>\n\t<meta property=\"og:image:width\" content=\"1900\" \/>\n\t<meta property=\"og:image:height\" content=\"250\" \/>\n\t<meta property=\"og:image:type\" content=\"image\/jpeg\" \/>\n<meta name=\"twitter:card\" content=\"summary_large_image\" \/>\n<meta name=\"twitter:label1\" content=\"Est. reading time\" \/>\n\t<meta name=\"twitter:data1\" content=\"2 minutes\" \/>\n<script type=\"application\/ld+json\" class=\"yoast-schema-graph\">{\"@context\":\"https:\/\/schema.org\",\"@graph\":[{\"@type\":\"WebPage\",\"@id\":\"https:\/\/agefinsa.com\/mx\/nosotros\/\",\"url\":\"https:\/\/agefinsa.com\/mx\/nosotros\/\",\"name\":\"Nosotros - AGEFINSA M\u00e9xico\",\"isPartOf\":{\"@id\":\"https:\/\/agefinsa.com\/mx\/#website\"},\"primaryImageOfPage\":{\"@id\":\"https:\/\/agefinsa.com\/mx\/nosotros\/#primaryimage\"},\"image\":{\"@id\":\"https:\/\/agefinsa.com\/mx\/nosotros\/#primaryimage\"},\"thumbnailUrl\":\"https:\/\/agefinsa.com\/mx\/wp-content\/uploads\/2022\/04\/Box-min-1.jpeg\",\"datePublished\":\"2022-04-13T14:38:17+00:00\",\"dateModified\":\"2025-10-04T02:34:52+00:00\",\"description\":\"Con\u00f3zcanos m\u00e1s. Estamos comprometidos en ayudar a mejorar la salud de vida de los pacientes.\",\"breadcrumb\":{\"@id\":\"https:\/\/agefinsa.com\/mx\/nosotros\/#breadcrumb\"},\"inLanguage\":\"en-US\",\"potentialAction\":[{\"@type\":\"ReadAction\",\"target\":[\"https:\/\/agefinsa.com\/mx\/nosotros\/\"]}]},{\"@type\":\"ImageObject\",\"inLanguage\":\"en-US\",\"@id\":\"https:\/\/agefinsa.com\/mx\/nosotros\/#primaryimage\",\"url\":\"https:\/\/agefinsa.com\/mx\/wp-content\/uploads\/2022\/04\/Box-min-1.jpeg\",\"contentUrl\":\"https:\/\/agefinsa.com\/mx\/wp-content\/uploads\/2022\/04\/Box-min-1.jpeg\",\"width\":1900,\"height\":250},{\"@type\":\"BreadcrumbList\",\"@id\":\"https:\/\/agefinsa.com\/mx\/nosotros\/#breadcrumb\",\"itemListElement\":[{\"@type\":\"ListItem\",\"position\":1,\"name\":\"Portada\",\"item\":\"https:\/\/agefinsa.com\/mx\/\"},{\"@type\":\"ListItem\",\"position\":2,\"name\":\"Nosotros\"}]},{\"@type\":\"WebSite\",\"@id\":\"https:\/\/agefinsa.com\/mx\/#website\",\"url\":\"https:\/\/agefinsa.com\/mx\/\",\"name\":\"Agefinsa M\u00e9xico \u2013 Productos Farmac\u00e9uticos\",\"description\":\"Farmac\u00e9utica especializada en medicamentos para el control del sangrado, tratamiento de la hipertensi\u00f3n e intoxicaci\u00f3n por opioides.\",\"publisher\":{\"@id\":\"https:\/\/agefinsa.com\/mx\/#organization\"},\"potentialAction\":[{\"@type\":\"SearchAction\",\"target\":{\"@type\":\"EntryPoint\",\"urlTemplate\":\"https:\/\/agefinsa.com\/mx\/?s={search_term_string}\"},\"query-input\":{\"@type\":\"PropertyValueSpecification\",\"valueRequired\":true,\"valueName\":\"search_term_string\"}}],\"inLanguage\":\"en-US\"},{\"@type\":\"Organization\",\"@id\":\"https:\/\/agefinsa.com\/mx\/#organization\",\"name\":\"AGEFINSA M\u00e9xico\",\"url\":\"https:\/\/agefinsa.com\/mx\/\",\"logo\":{\"@type\":\"ImageObject\",\"inLanguage\":\"en-US\",\"@id\":\"https:\/\/agefinsa.com\/mx\/#\/schema\/logo\/image\/\",\"url\":\"https:\/\/agefinsa.com\/mx\/wp-content\/uploads\/2022\/11\/logo.png\",\"contentUrl\":\"https:\/\/agefinsa.com\/mx\/wp-content\/uploads\/2022\/11\/logo.png\",\"width\":800,\"height\":450,\"caption\":\"AGEFINSA M\u00e9xico\"},\"image\":{\"@id\":\"https:\/\/agefinsa.com\/mx\/#\/schema\/logo\/image\/\"},\"sameAs\":[\"https:\/\/www.facebook.com\/profile.php?id=100093304913848\",\"https:\/\/instagram.com\/agefinsa_mx\",\"https:\/\/www.linkedin.com\/company\/agefinsa\/\"]}]}<\/script>\n<!-- \/ Yoast SEO plugin. -->","yoast_head_json":{"title":"Nosotros - AGEFINSA M\u00e9xico","description":"Con\u00f3zcanos m\u00e1s. Estamos comprometidos en ayudar a mejorar la salud de vida de los pacientes.","robots":{"index":"index","follow":"follow","max-snippet":"max-snippet:-1","max-image-preview":"max-image-preview:large","max-video-preview":"max-video-preview:-1"},"canonical":"https:\/\/agefinsa.com\/mx\/en\/nosotros\/","og_locale":"en_US","og_type":"article","og_title":"Nosotros - AGEFINSA M\u00e9xico","og_description":"Con\u00f3zcanos m\u00e1s. Estamos comprometidos en ayudar a mejorar la salud de vida de los pacientes.","og_url":"https:\/\/agefinsa.com\/mx\/en\/nosotros\/","og_site_name":"AGEFINSA M\u00e9xico","article_publisher":"https:\/\/www.facebook.com\/profile.php?id=100093304913848","article_modified_time":"2025-10-04T02:34:52+00:00","og_image":[{"width":1900,"height":250,"url":"https:\/\/agefinsa.com\/mx\/wp-content\/uploads\/2022\/04\/Box-min-1.jpeg","type":"image\/jpeg"}],"twitter_card":"summary_large_image","twitter_misc":{"Est. reading time":"2 minutes"},"schema":{"@context":"https:\/\/schema.org","@graph":[{"@type":"WebPage","@id":"https:\/\/agefinsa.com\/mx\/nosotros\/","url":"https:\/\/agefinsa.com\/mx\/nosotros\/","name":"Nosotros - AGEFINSA M\u00e9xico","isPartOf":{"@id":"https:\/\/agefinsa.com\/mx\/#website"},"primaryImageOfPage":{"@id":"https:\/\/agefinsa.com\/mx\/nosotros\/#primaryimage"},"image":{"@id":"https:\/\/agefinsa.com\/mx\/nosotros\/#primaryimage"},"thumbnailUrl":"https:\/\/agefinsa.com\/mx\/wp-content\/uploads\/2022\/04\/Box-min-1.jpeg","datePublished":"2022-04-13T14:38:17+00:00","dateModified":"2025-10-04T02:34:52+00:00","description":"Con\u00f3zcanos m\u00e1s. Estamos comprometidos en ayudar a mejorar la salud de vida de los pacientes.","breadcrumb":{"@id":"https:\/\/agefinsa.com\/mx\/nosotros\/#breadcrumb"},"inLanguage":"en-US","potentialAction":[{"@type":"ReadAction","target":["https:\/\/agefinsa.com\/mx\/nosotros\/"]}]},{"@type":"ImageObject","inLanguage":"en-US","@id":"https:\/\/agefinsa.com\/mx\/nosotros\/#primaryimage","url":"https:\/\/agefinsa.com\/mx\/wp-content\/uploads\/2022\/04\/Box-min-1.jpeg","contentUrl":"https:\/\/agefinsa.com\/mx\/wp-content\/uploads\/2022\/04\/Box-min-1.jpeg","width":1900,"height":250},{"@type":"BreadcrumbList","@id":"https:\/\/agefinsa.com\/mx\/nosotros\/#breadcrumb","itemListElement":[{"@type":"ListItem","position":1,"name":"Portada","item":"https:\/\/agefinsa.com\/mx\/"},{"@type":"ListItem","position":2,"name":"Nosotros"}]},{"@type":"WebSite","@id":"https:\/\/agefinsa.com\/mx\/#website","url":"https:\/\/agefinsa.com\/mx\/","name":"Agefinsa M\u00e9xico \u2013 Productos Farmac\u00e9uticos","description":"Farmac\u00e9utica especializada en medicamentos para el control del sangrado, tratamiento de la hipertensi\u00f3n e intoxicaci\u00f3n por opioides.","publisher":{"@id":"https:\/\/agefinsa.com\/mx\/#organization"},"potentialAction":[{"@type":"SearchAction","target":{"@type":"EntryPoint","urlTemplate":"https:\/\/agefinsa.com\/mx\/?s={search_term_string}"},"query-input":{"@type":"PropertyValueSpecification","valueRequired":true,"valueName":"search_term_string"}}],"inLanguage":"en-US"},{"@type":"Organization","@id":"https:\/\/agefinsa.com\/mx\/#organization","name":"AGEFINSA M\u00e9xico","url":"https:\/\/agefinsa.com\/mx\/","logo":{"@type":"ImageObject","inLanguage":"en-US","@id":"https:\/\/agefinsa.com\/mx\/#\/schema\/logo\/image\/","url":"https:\/\/agefinsa.com\/mx\/wp-content\/uploads\/2022\/11\/logo.png","contentUrl":"https:\/\/agefinsa.com\/mx\/wp-content\/uploads\/2022\/11\/logo.png","width":800,"height":450,"caption":"AGEFINSA M\u00e9xico"},"image":{"@id":"https:\/\/agefinsa.com\/mx\/#\/schema\/logo\/image\/"},"sameAs":["https:\/\/www.facebook.com\/profile.php?id=100093304913848","https:\/\/instagram.com\/agefinsa_mx","https:\/\/www.linkedin.com\/company\/agefinsa\/"]}]}},"_links":{"self":[{"href":"https:\/\/agefinsa.com\/mx\/en\/wp-json\/wp\/v2\/pages\/22","targetHints":{"allow":["GET"]}}],"collection":[{"href":"https:\/\/agefinsa.com\/mx\/en\/wp-json\/wp\/v2\/pages"}],"about":[{"href":"https:\/\/agefinsa.com\/mx\/en\/wp-json\/wp\/v2\/types\/page"}],"author":[{"embeddable":true,"href":"https:\/\/agefinsa.com\/mx\/en\/wp-json\/wp\/v2\/users\/1"}],"replies":[{"embeddable":true,"href":"https:\/\/agefinsa.com\/mx\/en\/wp-json\/wp\/v2\/comments?post=22"}],"version-history":[{"count":0,"href":"https:\/\/agefinsa.com\/mx\/en\/wp-json\/wp\/v2\/pages\/22\/revisions"}],"wp:featuredmedia":[{"embeddable":true,"href":"https:\/\/agefinsa.com\/mx\/en\/wp-json\/wp\/v2\/media\/1167"}],"wp:attachment":[{"href":"https:\/\/agefinsa.com\/mx\/en\/wp-json\/wp\/v2\/media?parent=22"}],"curies":[{"name":"wp","href":"https:\/\/api.w.org\/{rel}","templated":true}]}}