{"id":1614,"date":"2022-11-21T14:31:19","date_gmt":"2022-11-21T14:31:19","guid":{"rendered":"https:\/\/agefinsa.com\/mx\/?page_id=1614"},"modified":"2025-10-04T02:35:29","modified_gmt":"2025-10-04T02:35:29","slug":"areas-terapeuticas","status":"publish","type":"page","link":"https:\/\/agefinsa.com\/mx\/areas-terapeuticas\/","title":{"rendered":"\u00c1reas Terap\u00e9uticas"},"content":{"rendered":"\t\t<div data-elementor-type=\"wp-page\" data-elementor-id=\"1614\" class=\"elementor elementor-1614\">\n\t\t\t\t\t\t<section class=\"elementor-section elementor-top-section elementor-element elementor-element-5e0a0b8b elementor-section-height-min-height elementor-section-stretched elementor-section-boxed elementor-section-height-default elementor-section-items-middle\" data-id=\"5e0a0b8b\" data-element_type=\"section\" data-settings=\"{&quot;stretch_section&quot;:&quot;section-stretched&quot;,&quot;background_background&quot;:&quot;classic&quot;}\">\n\t\t\t\t\t\t\t<div class=\"elementor-background-overlay\"><\/div>\n\t\t\t\t\t\t\t<div class=\"elementor-container elementor-column-gap-custom\">\n\t\t\t\t\t<div class=\"elementor-column elementor-col-100 elementor-top-column elementor-element elementor-element-d7ef3b2\" data-id=\"d7ef3b2\" data-element_type=\"column\">\n\t\t\t<div class=\"elementor-widget-wrap elementor-element-populated\">\n\t\t\t\t\t\t<div class=\"elementor-element elementor-element-14e8cdd3 elementor-align-left elementor-widget elementor-widget-etheme_advanced_headline\" data-id=\"14e8cdd3\" data-element_type=\"widget\" data-widget_type=\"etheme_advanced_headline.default\">\n\t\t\t\t<div class=\"elementor-widget-container\">\n\t\t\t\t\t        \n        <div class=\"etheme-a-h-wrapper\">\n        \n                            <span class=\"etheme-a-h-text-before\">\n                    Nuestras                <\/span>\n            \n        <h2 class=\"etheme-advanced-headline etheme-advanced-headline-mask\">\n\n            \u00c1reas terap\u00e9uticas\n        <\/h2>\n\t\t\n                    \n        <\/div>\n        \n\t\t\t\t\t\t<\/div>\n\t\t\t\t<\/div>\n\t\t\t\t\t<\/div>\n\t\t<\/div>\n\t\t\t\t\t<\/div>\n\t\t<\/section>\n\t\t\t\t<section class=\"elementor-section elementor-top-section elementor-element elementor-element-ad53bf3 elementor-section-stretched elementor-section-boxed elementor-section-height-default elementor-section-height-default\" data-id=\"ad53bf3\" data-element_type=\"section\" data-settings=\"{&quot;stretch_section&quot;:&quot;section-stretched&quot;}\">\n\t\t\t\t\t\t<div class=\"elementor-container elementor-column-gap-custom\">\n\t\t\t\t\t<div class=\"elementor-column elementor-col-33 elementor-top-column elementor-element elementor-element-218bddeb\" data-id=\"218bddeb\" data-element_type=\"column\">\n\t\t\t<div class=\"elementor-widget-wrap elementor-element-populated\">\n\t\t\t\t\t\t<div class=\"elementor-element elementor-element-46a7d4b8 elementor-align-center elementor-widget elementor-widget-etheme_icon_box\" data-id=\"46a7d4b8\" data-element_type=\"widget\" data-settings=\"{&quot;icon_type&quot;:&quot;image&quot;}\" data-widget_type=\"etheme_icon_box.default\">\n\t\t\t\t<div class=\"elementor-widget-container\">\n\t\t\t\t\t<span class=\"etheme-ajaxify-lazy-wrapper etheme-ajaxify-replace\" data-type=\"elementor\" data-request=\"WyJlbGVtZW50b3IiLDE2MTQsImQ5ZWE3OGZmIl0=\"><\/span>\t\t\t\t<\/div>\n\t\t\t\t<\/div>\n\t\t\t\t\t<\/div>\n\t\t<\/div>\n\t\t\t\t<div class=\"elementor-column elementor-col-33 elementor-top-column elementor-element elementor-element-9bbf3cb\" data-id=\"9bbf3cb\" data-element_type=\"column\">\n\t\t\t<div class=\"elementor-widget-wrap elementor-element-populated\">\n\t\t\t\t\t\t<div class=\"elementor-element elementor-element-6fff14b elementor-align-center elementor-widget elementor-widget-etheme_icon_box\" data-id=\"6fff14b\" data-element_type=\"widget\" data-settings=\"{&quot;icon_type&quot;:&quot;image&quot;}\" data-widget_type=\"etheme_icon_box.default\">\n\t\t\t\t<div class=\"elementor-widget-container\">\n\t\t\t\t\t<span class=\"etheme-ajaxify-lazy-wrapper etheme-ajaxify-replace\" data-type=\"elementor\" data-request=\"WyJlbGVtZW50b3IiLDE2MTQsImEyM2M2OGJlIl0=\"><\/span>\t\t\t\t<\/div>\n\t\t\t\t<\/div>\n\t\t\t\t\t<\/div>\n\t\t<\/div>\n\t\t\t\t<div class=\"elementor-column elementor-col-33 elementor-top-column elementor-element elementor-element-647fabc0\" data-id=\"647fabc0\" data-element_type=\"column\">\n\t\t\t<div class=\"elementor-widget-wrap elementor-element-populated\">\n\t\t\t\t\t\t<div class=\"elementor-element elementor-element-17fd14b elementor-align-center elementor-widget elementor-widget-etheme_icon_box\" data-id=\"17fd14b\" data-element_type=\"widget\" data-settings=\"{&quot;icon_type&quot;:&quot;image&quot;}\" data-widget_type=\"etheme_icon_box.default\">\n\t\t\t\t<div class=\"elementor-widget-container\">\n\t\t\t\t\t<span class=\"etheme-ajaxify-lazy-wrapper etheme-ajaxify-replace\" data-type=\"elementor\" data-request=\"WyJlbGVtZW50b3IiLDE2MTQsIjVjZmU4MzliIl0=\"><\/span>\t\t\t\t<\/div>\n\t\t\t\t<\/div>\n\t\t\t\t\t<\/div>\n\t\t<\/div>\n\t\t\t\t\t<\/div>\n\t\t<\/section>\n\t\t\t\t<section class=\"elementor-section elementor-top-section elementor-element elementor-element-e289139 elementor-section-stretched elementor-section-boxed elementor-section-height-default elementor-section-height-default\" data-id=\"e289139\" data-element_type=\"section\" data-settings=\"{&quot;stretch_section&quot;:&quot;section-stretched&quot;}\">\n\t\t\t\t\t\t<div class=\"elementor-container elementor-column-gap-custom\">\n\t\t\t\t\t<div class=\"elementor-column elementor-col-33 elementor-top-column elementor-element elementor-element-8ac8fe3\" data-id=\"8ac8fe3\" data-element_type=\"column\">\n\t\t\t<div class=\"elementor-widget-wrap elementor-element-populated\">\n\t\t\t\t\t\t<div class=\"elementor-element elementor-element-872af91 elementor-align-center elementor-widget elementor-widget-etheme_icon_box\" data-id=\"872af91\" data-element_type=\"widget\" data-settings=\"{&quot;icon_type&quot;:&quot;image&quot;}\" data-widget_type=\"etheme_icon_box.default\">\n\t\t\t\t<div class=\"elementor-widget-container\">\n\t\t\t\t\t<span class=\"etheme-ajaxify-lazy-wrapper etheme-ajaxify-replace\" data-type=\"elementor\" data-request=\"WyJlbGVtZW50b3IiLDE2MTQsIjRhNWM5ZTk4Il0=\"><\/span>\t\t\t\t<\/div>\n\t\t\t\t<\/div>\n\t\t\t\t\t<\/div>\n\t\t<\/div>\n\t\t\t\t<div class=\"elementor-column elementor-col-33 elementor-top-column elementor-element elementor-element-7db85ec\" data-id=\"7db85ec\" data-element_type=\"column\">\n\t\t\t<div class=\"elementor-widget-wrap elementor-element-populated\">\n\t\t\t\t\t\t<div class=\"elementor-element elementor-element-c55286d elementor-align-center elementor-widget elementor-widget-etheme_icon_box\" data-id=\"c55286d\" data-element_type=\"widget\" data-settings=\"{&quot;icon_type&quot;:&quot;image&quot;}\" data-widget_type=\"etheme_icon_box.default\">\n\t\t\t\t<div class=\"elementor-widget-container\">\n\t\t\t\t\t<span class=\"etheme-ajaxify-lazy-wrapper etheme-ajaxify-replace\" data-type=\"elementor\" data-request=\"WyJlbGVtZW50b3IiLDE2MTQsIjE5YzVlZGIxIl0=\"><\/span>\t\t\t\t<\/div>\n\t\t\t\t<\/div>\n\t\t\t\t\t<\/div>\n\t\t<\/div>\n\t\t\t\t<div class=\"elementor-column elementor-col-33 elementor-top-column elementor-element elementor-element-0eec10f\" data-id=\"0eec10f\" data-element_type=\"column\">\n\t\t\t<div class=\"elementor-widget-wrap elementor-element-populated\">\n\t\t\t\t\t\t<div class=\"elementor-element elementor-element-09d7a24 elementor-align-center elementor-widget elementor-widget-etheme_icon_box\" data-id=\"09d7a24\" data-element_type=\"widget\" data-settings=\"{&quot;icon_type&quot;:&quot;image&quot;}\" data-widget_type=\"etheme_icon_box.default\">\n\t\t\t\t<div class=\"elementor-widget-container\">\n\t\t\t\t\t<span class=\"etheme-ajaxify-lazy-wrapper etheme-ajaxify-replace\" data-type=\"elementor\" data-request=\"WyJlbGVtZW50b3IiLDE2MTQsIjc5NjY2ZjZlIl0=\"><\/span>\t\t\t\t<\/div>\n\t\t\t\t<\/div>\n\t\t\t\t\t<\/div>\n\t\t<\/div>\n\t\t\t\t\t<\/div>\n\t\t<\/section>\n\t\t\t\t<\/div>\n\t\t","protected":false},"excerpt":{"rendered":"<p>Nuestras \u00c1reas terap\u00e9uticas Ginecolog\u00eda y Obstetr\u00edcia Cr\u00edtica Anestesiolog\u00eda Urgenciolog\u00eda Cirug\u00eda Hematolog\u00eda Cardiolog\u00eda<\/p>\n","protected":false},"author":1,"featured_media":0,"parent":0,"menu_order":0,"comment_status":"closed","ping_status":"closed","template":"elementor_header_footer","meta":{"footnotes":""},"class_list":["post-1614","page","type-page","status-publish","hentry"],"yoast_head":"<!-- This site is optimized with the Yoast SEO plugin v26.2 - https:\/\/yoast.com\/wordpress\/plugins\/seo\/ -->\n<title>\u00c1reas Terap\u00e9uticas - AGEFINSA M\u00e9xico<\/title>\n<meta name=\"description\" content=\"Brindamos opciones seguras en distintas ramas de la medicina. Explore nuestras distintas \u00e1reas.\" \/>\n<meta name=\"robots\" content=\"index, follow, max-snippet:-1, max-image-preview:large, max-video-preview:-1\" \/>\n<link rel=\"canonical\" href=\"https:\/\/agefinsa.com\/mx\/areas-terapeuticas\/\" \/>\n<meta property=\"og:locale\" content=\"es_ES\" \/>\n<meta property=\"og:type\" content=\"article\" \/>\n<meta property=\"og:title\" content=\"\u00c1reas Terap\u00e9uticas - AGEFINSA M\u00e9xico\" \/>\n<meta property=\"og:description\" content=\"Brindamos opciones seguras en distintas ramas de la medicina. Explore nuestras distintas \u00e1reas.\" \/>\n<meta property=\"og:url\" content=\"https:\/\/agefinsa.com\/mx\/areas-terapeuticas\/\" \/>\n<meta property=\"og:site_name\" content=\"AGEFINSA M\u00e9xico\" \/>\n<meta property=\"article:publisher\" content=\"https:\/\/www.facebook.com\/profile.php?id=100093304913848\" \/>\n<meta property=\"article:modified_time\" content=\"2025-10-04T02:35:29+00:00\" \/>\n<meta property=\"og:image\" content=\"https:\/\/agefinsa.com\/mx\/wp-content\/uploads\/2023\/08\/01-Ginecologia.png\" \/>\n<meta name=\"twitter:card\" content=\"summary_large_image\" \/>\n<meta name=\"twitter:label1\" content=\"Tiempo de lectura\" \/>\n\t<meta name=\"twitter:data1\" content=\"2 minutos\" \/>\n<script type=\"application\/ld+json\" class=\"yoast-schema-graph\">{\"@context\":\"https:\/\/schema.org\",\"@graph\":[{\"@type\":\"WebPage\",\"@id\":\"https:\/\/agefinsa.com\/mx\/areas-terapeuticas\/\",\"url\":\"https:\/\/agefinsa.com\/mx\/areas-terapeuticas\/\",\"name\":\"\u00c1reas Terap\u00e9uticas - AGEFINSA M\u00e9xico\",\"isPartOf\":{\"@id\":\"https:\/\/agefinsa.com\/mx\/#website\"},\"primaryImageOfPage\":{\"@id\":\"https:\/\/agefinsa.com\/mx\/areas-terapeuticas\/#primaryimage\"},\"image\":{\"@id\":\"https:\/\/agefinsa.com\/mx\/areas-terapeuticas\/#primaryimage\"},\"thumbnailUrl\":\"https:\/\/agefinsa.com\/mx\/wp-content\/uploads\/2023\/08\/01-Ginecologia.png\",\"datePublished\":\"2022-11-21T14:31:19+00:00\",\"dateModified\":\"2025-10-04T02:35:29+00:00\",\"description\":\"Brindamos opciones seguras en distintas ramas de la medicina. Explore nuestras distintas \u00e1reas.\",\"breadcrumb\":{\"@id\":\"https:\/\/agefinsa.com\/mx\/areas-terapeuticas\/#breadcrumb\"},\"inLanguage\":\"es\",\"potentialAction\":[{\"@type\":\"ReadAction\",\"target\":[\"https:\/\/agefinsa.com\/mx\/areas-terapeuticas\/\"]}]},{\"@type\":\"ImageObject\",\"inLanguage\":\"es\",\"@id\":\"https:\/\/agefinsa.com\/mx\/areas-terapeuticas\/#primaryimage\",\"url\":\"https:\/\/agefinsa.com\/mx\/wp-content\/uploads\/2023\/08\/01-Ginecologia.png\",\"contentUrl\":\"https:\/\/agefinsa.com\/mx\/wp-content\/uploads\/2023\/08\/01-Ginecologia.png\",\"width\":512,\"height\":512,\"caption\":\"Ginecolog\u00eda\"},{\"@type\":\"BreadcrumbList\",\"@id\":\"https:\/\/agefinsa.com\/mx\/areas-terapeuticas\/#breadcrumb\",\"itemListElement\":[{\"@type\":\"ListItem\",\"position\":1,\"name\":\"Portada\",\"item\":\"https:\/\/agefinsa.com\/mx\/\"},{\"@type\":\"ListItem\",\"position\":2,\"name\":\"\u00c1reas Terap\u00e9uticas\"}]},{\"@type\":\"WebSite\",\"@id\":\"https:\/\/agefinsa.com\/mx\/#website\",\"url\":\"https:\/\/agefinsa.com\/mx\/\",\"name\":\"Agefinsa M\u00e9xico \u2013 Productos Farmac\u00e9uticos\",\"description\":\"Farmac\u00e9utica especializada en medicamentos para el control del sangrado, tratamiento de la hipertensi\u00f3n e intoxicaci\u00f3n por opioides.\",\"publisher\":{\"@id\":\"https:\/\/agefinsa.com\/mx\/#organization\"},\"potentialAction\":[{\"@type\":\"SearchAction\",\"target\":{\"@type\":\"EntryPoint\",\"urlTemplate\":\"https:\/\/agefinsa.com\/mx\/?s={search_term_string}\"},\"query-input\":{\"@type\":\"PropertyValueSpecification\",\"valueRequired\":true,\"valueName\":\"search_term_string\"}}],\"inLanguage\":\"es\"},{\"@type\":\"Organization\",\"@id\":\"https:\/\/agefinsa.com\/mx\/#organization\",\"name\":\"AGEFINSA M\u00e9xico\",\"url\":\"https:\/\/agefinsa.com\/mx\/\",\"logo\":{\"@type\":\"ImageObject\",\"inLanguage\":\"es\",\"@id\":\"https:\/\/agefinsa.com\/mx\/#\/schema\/logo\/image\/\",\"url\":\"https:\/\/agefinsa.com\/mx\/wp-content\/uploads\/2022\/11\/logo.png\",\"contentUrl\":\"https:\/\/agefinsa.com\/mx\/wp-content\/uploads\/2022\/11\/logo.png\",\"width\":800,\"height\":450,\"caption\":\"AGEFINSA M\u00e9xico\"},\"image\":{\"@id\":\"https:\/\/agefinsa.com\/mx\/#\/schema\/logo\/image\/\"},\"sameAs\":[\"https:\/\/www.facebook.com\/profile.php?id=100093304913848\",\"https:\/\/instagram.com\/agefinsa_mx\",\"https:\/\/www.linkedin.com\/company\/agefinsa\/\"]}]}<\/script>\n<!-- \/ Yoast SEO plugin. -->","yoast_head_json":{"title":"\u00c1reas Terap\u00e9uticas - AGEFINSA M\u00e9xico","description":"Brindamos opciones seguras en distintas ramas de la medicina. Explore nuestras distintas \u00e1reas.","robots":{"index":"index","follow":"follow","max-snippet":"max-snippet:-1","max-image-preview":"max-image-preview:large","max-video-preview":"max-video-preview:-1"},"canonical":"https:\/\/agefinsa.com\/mx\/areas-terapeuticas\/","og_locale":"es_ES","og_type":"article","og_title":"\u00c1reas Terap\u00e9uticas - AGEFINSA M\u00e9xico","og_description":"Brindamos opciones seguras en distintas ramas de la medicina. Explore nuestras distintas \u00e1reas.","og_url":"https:\/\/agefinsa.com\/mx\/areas-terapeuticas\/","og_site_name":"AGEFINSA M\u00e9xico","article_publisher":"https:\/\/www.facebook.com\/profile.php?id=100093304913848","article_modified_time":"2025-10-04T02:35:29+00:00","og_image":[{"url":"https:\/\/agefinsa.com\/mx\/wp-content\/uploads\/2023\/08\/01-Ginecologia.png","type":"","width":"","height":""}],"twitter_card":"summary_large_image","twitter_misc":{"Tiempo de lectura":"2 minutos"},"schema":{"@context":"https:\/\/schema.org","@graph":[{"@type":"WebPage","@id":"https:\/\/agefinsa.com\/mx\/areas-terapeuticas\/","url":"https:\/\/agefinsa.com\/mx\/areas-terapeuticas\/","name":"\u00c1reas Terap\u00e9uticas - AGEFINSA M\u00e9xico","isPartOf":{"@id":"https:\/\/agefinsa.com\/mx\/#website"},"primaryImageOfPage":{"@id":"https:\/\/agefinsa.com\/mx\/areas-terapeuticas\/#primaryimage"},"image":{"@id":"https:\/\/agefinsa.com\/mx\/areas-terapeuticas\/#primaryimage"},"thumbnailUrl":"https:\/\/agefinsa.com\/mx\/wp-content\/uploads\/2023\/08\/01-Ginecologia.png","datePublished":"2022-11-21T14:31:19+00:00","dateModified":"2025-10-04T02:35:29+00:00","description":"Brindamos opciones seguras en distintas ramas de la medicina. Explore nuestras distintas \u00e1reas.","breadcrumb":{"@id":"https:\/\/agefinsa.com\/mx\/areas-terapeuticas\/#breadcrumb"},"inLanguage":"es","potentialAction":[{"@type":"ReadAction","target":["https:\/\/agefinsa.com\/mx\/areas-terapeuticas\/"]}]},{"@type":"ImageObject","inLanguage":"es","@id":"https:\/\/agefinsa.com\/mx\/areas-terapeuticas\/#primaryimage","url":"https:\/\/agefinsa.com\/mx\/wp-content\/uploads\/2023\/08\/01-Ginecologia.png","contentUrl":"https:\/\/agefinsa.com\/mx\/wp-content\/uploads\/2023\/08\/01-Ginecologia.png","width":512,"height":512,"caption":"Ginecolog\u00eda"},{"@type":"BreadcrumbList","@id":"https:\/\/agefinsa.com\/mx\/areas-terapeuticas\/#breadcrumb","itemListElement":[{"@type":"ListItem","position":1,"name":"Portada","item":"https:\/\/agefinsa.com\/mx\/"},{"@type":"ListItem","position":2,"name":"\u00c1reas Terap\u00e9uticas"}]},{"@type":"WebSite","@id":"https:\/\/agefinsa.com\/mx\/#website","url":"https:\/\/agefinsa.com\/mx\/","name":"Agefinsa M\u00e9xico \u2013 Productos Farmac\u00e9uticos","description":"Farmac\u00e9utica especializada en medicamentos para el control del sangrado, tratamiento de la hipertensi\u00f3n e intoxicaci\u00f3n por opioides.","publisher":{"@id":"https:\/\/agefinsa.com\/mx\/#organization"},"potentialAction":[{"@type":"SearchAction","target":{"@type":"EntryPoint","urlTemplate":"https:\/\/agefinsa.com\/mx\/?s={search_term_string}"},"query-input":{"@type":"PropertyValueSpecification","valueRequired":true,"valueName":"search_term_string"}}],"inLanguage":"es"},{"@type":"Organization","@id":"https:\/\/agefinsa.com\/mx\/#organization","name":"AGEFINSA M\u00e9xico","url":"https:\/\/agefinsa.com\/mx\/","logo":{"@type":"ImageObject","inLanguage":"es","@id":"https:\/\/agefinsa.com\/mx\/#\/schema\/logo\/image\/","url":"https:\/\/agefinsa.com\/mx\/wp-content\/uploads\/2022\/11\/logo.png","contentUrl":"https:\/\/agefinsa.com\/mx\/wp-content\/uploads\/2022\/11\/logo.png","width":800,"height":450,"caption":"AGEFINSA M\u00e9xico"},"image":{"@id":"https:\/\/agefinsa.com\/mx\/#\/schema\/logo\/image\/"},"sameAs":["https:\/\/www.facebook.com\/profile.php?id=100093304913848","https:\/\/instagram.com\/agefinsa_mx","https:\/\/www.linkedin.com\/company\/agefinsa\/"]}]}},"_links":{"self":[{"href":"https:\/\/agefinsa.com\/mx\/wp-json\/wp\/v2\/pages\/1614","targetHints":{"allow":["GET"]}}],"collection":[{"href":"https:\/\/agefinsa.com\/mx\/wp-json\/wp\/v2\/pages"}],"about":[{"href":"https:\/\/agefinsa.com\/mx\/wp-json\/wp\/v2\/types\/page"}],"author":[{"embeddable":true,"href":"https:\/\/agefinsa.com\/mx\/wp-json\/wp\/v2\/users\/1"}],"replies":[{"embeddable":true,"href":"https:\/\/agefinsa.com\/mx\/wp-json\/wp\/v2\/comments?post=1614"}],"version-history":[{"count":0,"href":"https:\/\/agefinsa.com\/mx\/wp-json\/wp\/v2\/pages\/1614\/revisions"}],"wp:attachment":[{"href":"https:\/\/agefinsa.com\/mx\/wp-json\/wp\/v2\/media?parent=1614"}],"curies":[{"name":"wp","href":"https:\/\/api.w.org\/{rel}","templated":true}]}}