{"id":1616,"date":"2022-11-21T14:31:40","date_gmt":"2022-11-21T14:31:40","guid":{"rendered":"https:\/\/agefinsa.com\/mx\/?page_id=1616"},"modified":"2025-10-04T02:35:03","modified_gmt":"2025-10-04T02:35:03","slug":"productos","status":"publish","type":"page","link":"https:\/\/agefinsa.com\/mx\/productos\/","title":{"rendered":"Productos"},"content":{"rendered":"\t\t<div data-elementor-type=\"wp-page\" data-elementor-id=\"1616\" class=\"elementor elementor-1616\">\n\t\t\t\t\t\t<section class=\"elementor-section elementor-top-section elementor-element elementor-element-1f946c3 elementor-section-height-min-height elementor-section-stretched elementor-section-boxed elementor-section-height-default elementor-section-items-middle\" data-id=\"1f946c3\" data-element_type=\"section\" data-settings=\"{&quot;stretch_section&quot;:&quot;section-stretched&quot;,&quot;background_background&quot;:&quot;classic&quot;}\">\n\t\t\t\t\t\t\t<div class=\"elementor-background-overlay\"><\/div>\n\t\t\t\t\t\t\t<div class=\"elementor-container elementor-column-gap-custom\">\n\t\t\t\t\t<div class=\"elementor-column elementor-col-100 elementor-top-column elementor-element elementor-element-93752cc\" data-id=\"93752cc\" data-element_type=\"column\">\n\t\t\t<div class=\"elementor-widget-wrap elementor-element-populated\">\n\t\t\t\t\t\t<div class=\"elementor-element elementor-element-7dc003e elementor-align-left elementor-widget elementor-widget-etheme_advanced_headline\" data-id=\"7dc003e\" data-element_type=\"widget\" data-widget_type=\"etheme_advanced_headline.default\">\n\t\t\t\t<div class=\"elementor-widget-container\">\n\t\t\t\t\t        \n        <div class=\"etheme-a-h-wrapper\">\n        \n                            <span class=\"etheme-a-h-text-before\">\n                    Productos                <\/span>\n            \n        <h2 class=\"etheme-advanced-headline etheme-advanced-headline-mask\">\n\n            \n        <\/h2>\n\t\t\n                    \n        <\/div>\n        \n\t\t\t\t\t\t<\/div>\n\t\t\t\t<\/div>\n\t\t\t\t\t<\/div>\n\t\t<\/div>\n\t\t\t\t\t<\/div>\n\t\t<\/section>\n\t\t\t\t<section class=\"elementor-section elementor-top-section elementor-element elementor-element-15351c4 elementor-section-boxed elementor-section-height-default elementor-section-height-default\" data-id=\"15351c4\" data-element_type=\"section\">\n\t\t\t\t\t\t<div class=\"elementor-container elementor-column-gap-default\">\n\t\t\t\t\t<div class=\"elementor-column elementor-col-100 elementor-top-column elementor-element elementor-element-9efbd00\" data-id=\"9efbd00\" data-element_type=\"column\">\n\t\t\t<div class=\"elementor-widget-wrap elementor-element-populated\">\n\t\t\t\t\t\t<div class=\"elementor-element elementor-element-6b1bf1e elementor-widget elementor-widget-spacer\" data-id=\"6b1bf1e\" data-element_type=\"widget\" data-widget_type=\"spacer.default\">\n\t\t\t\t<div class=\"elementor-widget-container\">\n\t\t\t\t\t\t\t<div class=\"elementor-spacer\">\n\t\t\t<div class=\"elementor-spacer-inner\"><\/div>\n\t\t<\/div>\n\t\t\t\t\t\t<\/div>\n\t\t\t\t<\/div>\n\t\t\t\t<div class=\"elementor-element elementor-element-8935482 elementor-widget elementor-widget-icon-box\" data-id=\"8935482\" data-element_type=\"widget\" data-widget_type=\"icon-box.default\">\n\t\t\t\t<div class=\"elementor-widget-container\">\n\t\t\t\t\t\t\t<div class=\"elementor-icon-box-wrapper\">\n\n\t\t\t\n\t\t\t\t\t\t<div class=\"elementor-icon-box-content\">\n\n\t\t\t\t\n\t\t\t\t\t\t\t\t\t<p class=\"elementor-icon-box-description\">\n\t\t\t\t\t\tComprometidos con los profesionales de la salud y con un mismo objetivo de brindarle una mejor calidad de vida a sus pacientes. \nAgefinsa pone a su disposici\u00f3n medicamentos de primera l\u00ednea como \u00e1cido tranex\u00e1mico<sup>1<\/sup> y labetalol <sup>2<\/sup>.<br>\t\t\t\t\t<\/p>\n\t\t\t\t\n\t\t\t<\/div>\n\t\t\t\n\t\t<\/div>\n\t\t\t\t\t\t<\/div>\n\t\t\t\t<\/div>\n\t\t\t\t\t<\/div>\n\t\t<\/div>\n\t\t\t\t\t<\/div>\n\t\t<\/section>\n\t\t\t\t<section class=\"elementor-section elementor-top-section elementor-element elementor-element-29f5edc elementor-section-boxed elementor-section-height-default elementor-section-height-default\" data-id=\"29f5edc\" data-element_type=\"section\">\n\t\t\t\t\t\t<div class=\"elementor-container elementor-column-gap-default\">\n\t\t\t\t\t<div class=\"elementor-column elementor-col-50 elementor-top-column elementor-element elementor-element-abae252\" data-id=\"abae252\" data-element_type=\"column\">\n\t\t\t<div class=\"elementor-widget-wrap elementor-element-populated\">\n\t\t\t\t\t\t<div class=\"elementor-element elementor-element-35bd9e3 elementor-widget elementor-widget-image-carousel\" data-id=\"35bd9e3\" data-element_type=\"widget\" data-settings=\"{&quot;slides_to_show&quot;:&quot;1&quot;,&quot;navigation&quot;:&quot;none&quot;,&quot;autoplay_speed&quot;:3000,&quot;autoplay&quot;:&quot;yes&quot;,&quot;pause_on_hover&quot;:&quot;yes&quot;,&quot;pause_on_interaction&quot;:&quot;yes&quot;,&quot;infinite&quot;:&quot;yes&quot;,&quot;effect&quot;:&quot;slide&quot;,&quot;speed&quot;:500}\" data-widget_type=\"image-carousel.default\">\n\t\t\t\t<div class=\"elementor-widget-container\">\n\t\t\t\t\t\t\t<div class=\"elementor-image-carousel-wrapper swiper\" role=\"region\" aria-roledescription=\"carousel\" aria-label=\"Carrusel de im\u00e1genes\" dir=\"ltr\">\n\t\t\t<div class=\"elementor-image-carousel swiper-wrapper\" aria-live=\"off\">\n\t\t\t\t\t\t\t\t<div class=\"swiper-slide\" role=\"group\" aria-roledescription=\"slide\" aria-label=\"1 de 2\"><figure class=\"swiper-slide-inner\"><img decoding=\"async\" class=\"swiper-slide-image\" src=\"https:\/\/agefinsa.com\/mx\/wp-content\/uploads\/2025\/09\/agetax-5.png\" alt=\"Agetax 5 ampollas\" \/><\/figure><\/div><div class=\"swiper-slide\" role=\"group\" aria-roledescription=\"slide\" aria-label=\"2 de 2\"><figure class=\"swiper-slide-inner\"><img decoding=\"async\" class=\"swiper-slide-image\" src=\"https:\/\/agefinsa.com\/mx\/wp-content\/uploads\/2025\/09\/agetax-10.png\" alt=\"Agetax 10 ampollas\" \/><\/figure><\/div>\t\t\t<\/div>\n\t\t\t\t\t\t\t\n\t\t\t\t\t\t\t\t\t<\/div>\n\t\t\t\t\t\t<\/div>\n\t\t\t\t<\/div>\n\t\t\t\t\t<\/div>\n\t\t<\/div>\n\t\t\t\t<div class=\"elementor-column elementor-col-50 elementor-top-column elementor-element elementor-element-3ccb172\" data-id=\"3ccb172\" data-element_type=\"column\" data-settings=\"{&quot;background_background&quot;:&quot;classic&quot;}\">\n\t\t\t<div class=\"elementor-widget-wrap elementor-element-populated\">\n\t\t\t\t\t<div class=\"elementor-background-overlay\"><\/div>\n\t\t\t\t\t\t<div class=\"elementor-element elementor-element-0a5b8e4 elementor-position-left elementor-mobile-position-left elementor-view-default elementor-widget elementor-widget-icon-box\" data-id=\"0a5b8e4\" data-element_type=\"widget\" data-widget_type=\"icon-box.default\">\n\t\t\t\t<div class=\"elementor-widget-container\">\n\t\t\t\t\t\t\t<div class=\"elementor-icon-box-wrapper\">\n\n\t\t\t\t\t\t<div class=\"elementor-icon-box-icon\">\n\t\t\t\t<span  class=\"elementor-icon\">\n\t\t\t\t<i aria-hidden=\"true\" class=\"fas fa-angle-right\"><\/i>\t\t\t\t<\/span>\n\t\t\t<\/div>\n\t\t\t\n\t\t\t\t\t\t<div class=\"elementor-icon-box-content\">\n\n\t\t\t\t\t\t\t\t\t<h3 class=\"elementor-icon-box-title\">\n\t\t\t\t\t\t<span  >\n\t\t\t\t\t\t\tAGETAX\t\t\t\t\t\t<\/span>\n\t\t\t\t\t<\/h3>\n\t\t\t\t\n\t\t\t\t\t\t\t\t\t<p class=\"elementor-icon-box-description\">\n\t\t\t\t\t\t<strong>\u00c1cido Tranex\u00e1mico<br>\nDisponible caja con 5 ampolletas (500 mg\/5mL)<br>\nDisponible caja con 10 ampolletas (500 mg\/5mL)<\/strong>\n<br><br><em>Autorizado con registro sanitario en M\u00e9xico.<\/em><br>\n<strong><em>Registro 185M2021 SSA<\/em><\/strong>\t\t\t\t\t<\/p>\n\t\t\t\t\n\t\t\t<\/div>\n\t\t\t\n\t\t<\/div>\n\t\t\t\t\t\t<\/div>\n\t\t\t\t<\/div>\n\t\t\t\t\t<\/div>\n\t\t<\/div>\n\t\t\t\t\t<\/div>\n\t\t<\/section>\n\t\t\t\t<section class=\"elementor-section elementor-top-section elementor-element elementor-element-ec0260b elementor-section-boxed elementor-section-height-default elementor-section-height-default\" data-id=\"ec0260b\" data-element_type=\"section\">\n\t\t\t\t\t\t<div class=\"elementor-container elementor-column-gap-default\">\n\t\t\t\t\t<div class=\"elementor-column elementor-col-50 elementor-top-column elementor-element elementor-element-5d2c768\" data-id=\"5d2c768\" data-element_type=\"column\">\n\t\t\t<div class=\"elementor-widget-wrap elementor-element-populated\">\n\t\t\t\t\t\t<div class=\"elementor-element elementor-element-fc55809 elementor-widget elementor-widget-image-carousel\" data-id=\"fc55809\" data-element_type=\"widget\" data-settings=\"{&quot;slides_to_show&quot;:&quot;1&quot;,&quot;navigation&quot;:&quot;none&quot;,&quot;autoplay_speed&quot;:3000,&quot;autoplay&quot;:&quot;yes&quot;,&quot;pause_on_hover&quot;:&quot;yes&quot;,&quot;pause_on_interaction&quot;:&quot;yes&quot;,&quot;infinite&quot;:&quot;yes&quot;,&quot;effect&quot;:&quot;slide&quot;,&quot;speed&quot;:500}\" data-widget_type=\"image-carousel.default\">\n\t\t\t\t<div class=\"elementor-widget-container\">\n\t\t\t\t\t\t\t<div class=\"elementor-image-carousel-wrapper swiper\" role=\"region\" aria-roledescription=\"carousel\" aria-label=\"Carrusel de im\u00e1genes\" dir=\"ltr\">\n\t\t\t<div class=\"elementor-image-carousel swiper-wrapper\" aria-live=\"off\">\n\t\t\t\t\t\t\t\t<div class=\"swiper-slide\" role=\"group\" aria-roledescription=\"slide\" aria-label=\"1 de 1\"><figure class=\"swiper-slide-inner\"><img decoding=\"async\" class=\"swiper-slide-image\" src=\"https:\/\/agefinsa.com\/mx\/wp-content\/uploads\/2025\/09\/agebetamex.png\" alt=\"Agebetamex\" \/><\/figure><\/div>\t\t\t<\/div>\n\t\t\t\t\t<\/div>\n\t\t\t\t\t\t<\/div>\n\t\t\t\t<\/div>\n\t\t\t\t\t<\/div>\n\t\t<\/div>\n\t\t\t\t<div class=\"elementor-column elementor-col-50 elementor-top-column elementor-element elementor-element-5f3385f\" data-id=\"5f3385f\" data-element_type=\"column\" data-settings=\"{&quot;background_background&quot;:&quot;classic&quot;}\">\n\t\t\t<div class=\"elementor-widget-wrap elementor-element-populated\">\n\t\t\t\t\t<div class=\"elementor-background-overlay\"><\/div>\n\t\t\t\t\t\t<div class=\"elementor-element elementor-element-569ea8c elementor-position-left elementor-mobile-position-left elementor-view-default elementor-widget elementor-widget-icon-box\" data-id=\"569ea8c\" data-element_type=\"widget\" data-widget_type=\"icon-box.default\">\n\t\t\t\t<div class=\"elementor-widget-container\">\n\t\t\t\t\t\t\t<div class=\"elementor-icon-box-wrapper\">\n\n\t\t\t\t\t\t<div class=\"elementor-icon-box-icon\">\n\t\t\t\t<span  class=\"elementor-icon\">\n\t\t\t\t<i aria-hidden=\"true\" class=\"fas fa-angle-right\"><\/i>\t\t\t\t<\/span>\n\t\t\t<\/div>\n\t\t\t\n\t\t\t\t\t\t<div class=\"elementor-icon-box-content\">\n\n\t\t\t\t\t\t\t\t\t<h3 class=\"elementor-icon-box-title\">\n\t\t\t\t\t\t<span  >\n\t\t\t\t\t\t\tAGEBETAMEX\t\t\t\t\t\t<\/span>\n\t\t\t\t\t<\/h3>\n\t\t\t\t\n\t\t\t\t\t\t\t\t\t<p class=\"elementor-icon-box-description\">\n\t\t\t\t\t\t<strong>Labetalol<br>\nDisponible caja con 1 ampolleta (100 mg\/20mL)<br>\nDisponible caja con 5 ampolletas (100 mg\/20mL)<br><\/strong>\n<br><em>Autorizados con registro sanitario en M\u00e9xico.<\/em><br>\n<strong><em>Registro 205M2021 SSA<\/em><strong>\t\t\t\t\t<\/p>\n\t\t\t\t\n\t\t\t<\/div>\n\t\t\t\n\t\t<\/div>\n\t\t\t\t\t\t<\/div>\n\t\t\t\t<\/div>\n\t\t\t\t\t<\/div>\n\t\t<\/div>\n\t\t\t\t\t<\/div>\n\t\t<\/section>\n\t\t\t\t<section class=\"elementor-section elementor-top-section elementor-element elementor-element-fb4e636 elementor-section-boxed elementor-section-height-default elementor-section-height-default\" data-id=\"fb4e636\" data-element_type=\"section\">\n\t\t\t\t\t\t<div class=\"elementor-container elementor-column-gap-default\">\n\t\t\t\t\t<div class=\"elementor-column elementor-col-50 elementor-top-column elementor-element elementor-element-472d8c7\" data-id=\"472d8c7\" data-element_type=\"column\">\n\t\t\t<div class=\"elementor-widget-wrap elementor-element-populated\">\n\t\t\t\t\t\t<div class=\"elementor-element elementor-element-e66dfcb elementor-widget elementor-widget-image-carousel\" data-id=\"e66dfcb\" data-element_type=\"widget\" data-settings=\"{&quot;slides_to_show&quot;:&quot;1&quot;,&quot;navigation&quot;:&quot;none&quot;,&quot;autoplay_speed&quot;:3000,&quot;autoplay&quot;:&quot;yes&quot;,&quot;pause_on_hover&quot;:&quot;yes&quot;,&quot;pause_on_interaction&quot;:&quot;yes&quot;,&quot;infinite&quot;:&quot;yes&quot;,&quot;effect&quot;:&quot;slide&quot;,&quot;speed&quot;:500}\" data-widget_type=\"image-carousel.default\">\n\t\t\t\t<div class=\"elementor-widget-container\">\n\t\t\t\t\t\t\t<div class=\"elementor-image-carousel-wrapper swiper\" role=\"region\" aria-roledescription=\"carousel\" aria-label=\"Carrusel de im\u00e1genes\" dir=\"ltr\">\n\t\t\t<div class=\"elementor-image-carousel swiper-wrapper\" aria-live=\"off\">\n\t\t\t\t\t\t\t\t<div class=\"swiper-slide\" role=\"group\" aria-roledescription=\"slide\" aria-label=\"1 de 1\"><figure class=\"swiper-slide-inner\"><img decoding=\"async\" class=\"swiper-slide-image\" src=\"https:\/\/agefinsa.com\/mx\/wp-content\/uploads\/2025\/09\/agenotax.png\" alt=\"Agenotax\" \/><\/figure><\/div>\t\t\t<\/div>\n\t\t\t\t\t<\/div>\n\t\t\t\t\t\t<\/div>\n\t\t\t\t<\/div>\n\t\t\t\t\t<\/div>\n\t\t<\/div>\n\t\t\t\t<div class=\"elementor-column elementor-col-50 elementor-top-column elementor-element elementor-element-5445ffe\" data-id=\"5445ffe\" data-element_type=\"column\" data-settings=\"{&quot;background_background&quot;:&quot;classic&quot;}\">\n\t\t\t<div class=\"elementor-widget-wrap elementor-element-populated\">\n\t\t\t\t\t<div class=\"elementor-background-overlay\"><\/div>\n\t\t\t\t\t\t<div class=\"elementor-element elementor-element-9834605 elementor-position-left elementor-mobile-position-left elementor-view-default elementor-widget elementor-widget-icon-box\" data-id=\"9834605\" data-element_type=\"widget\" data-widget_type=\"icon-box.default\">\n\t\t\t\t<div class=\"elementor-widget-container\">\n\t\t\t\t\t\t\t<div class=\"elementor-icon-box-wrapper\">\n\n\t\t\t\t\t\t<div class=\"elementor-icon-box-icon\">\n\t\t\t\t<span  class=\"elementor-icon\">\n\t\t\t\t<i aria-hidden=\"true\" class=\"fas fa-angle-right\"><\/i>\t\t\t\t<\/span>\n\t\t\t<\/div>\n\t\t\t\n\t\t\t\t\t\t<div class=\"elementor-icon-box-content\">\n\n\t\t\t\t\t\t\t\t\t<h3 class=\"elementor-icon-box-title\">\n\t\t\t\t\t\t<span  >\n\t\t\t\t\t\t\tAGENOTAX\t\t\t\t\t\t<\/span>\n\t\t\t\t\t<\/h3>\n\t\t\t\t\n\t\t\t\t\t\t\t\t\t<p class=\"elementor-icon-box-description\">\n\t\t\t\t\t\t<strong>Naloxona<br>\nDisponible caja con 10 ampolletas (0.4 mg\/mL)<br><\/strong>\n<br><em>Autorizados con registro sanitario en M\u00e9xico.<\/em><br>\n<strong><em>Registro 159M2024 SSA<\/em><strong>\t\t\t\t\t<\/p>\n\t\t\t\t\n\t\t\t<\/div>\n\t\t\t\n\t\t<\/div>\n\t\t\t\t\t\t<\/div>\n\t\t\t\t<\/div>\n\t\t\t\t\t<\/div>\n\t\t<\/div>\n\t\t\t\t\t<\/div>\n\t\t<\/section>\n\t\t\t\t<section class=\"elementor-section elementor-top-section elementor-element elementor-element-ad4ff9f elementor-section-boxed elementor-section-height-default elementor-section-height-default\" data-id=\"ad4ff9f\" data-element_type=\"section\">\n\t\t\t\t\t\t<div class=\"elementor-container elementor-column-gap-default\">\n\t\t\t\t\t<div class=\"elementor-column elementor-col-100 elementor-top-column elementor-element elementor-element-d131bd8\" data-id=\"d131bd8\" data-element_type=\"column\">\n\t\t\t<div class=\"elementor-widget-wrap elementor-element-populated\">\n\t\t\t\t\t\t\t<\/div>\n\t\t<\/div>\n\t\t\t\t\t<\/div>\n\t\t<\/section>\n\t\t\t\t<\/div>\n\t\t","protected":false},"excerpt":{"rendered":"<p>Productos Comprometidos con los profesionales de la salud y con un mismo objetivo de brindarle una mejor calidad de vida a sus pacientes. Agefinsa pone&#8230;<\/p>\n","protected":false},"author":1,"featured_media":0,"parent":0,"menu_order":0,"comment_status":"closed","ping_status":"closed","template":"elementor_header_footer","meta":{"footnotes":""},"class_list":["post-1616","page","type-page","status-publish","hentry"],"yoast_head":"<!-- This site is optimized with the Yoast SEO plugin v26.2 - https:\/\/yoast.com\/wordpress\/plugins\/seo\/ -->\n<title>Productos - AGEFINSA M\u00e9xico<\/title>\n<meta name=\"description\" content=\"Explore nuestro portafolio de medicamentos de alta calidad, dise\u00f1ados para atender diversas necesidades m\u00e9dicas.\" \/>\n<meta name=\"robots\" content=\"index, follow, max-snippet:-1, max-image-preview:large, max-video-preview:-1\" \/>\n<link rel=\"canonical\" href=\"https:\/\/agefinsa.com\/mx\/productos\/\" \/>\n<meta property=\"og:locale\" content=\"es_ES\" \/>\n<meta property=\"og:type\" content=\"article\" \/>\n<meta property=\"og:title\" content=\"Productos - AGEFINSA M\u00e9xico\" \/>\n<meta property=\"og:description\" content=\"Explore nuestro portafolio de medicamentos de alta calidad, dise\u00f1ados para atender diversas necesidades m\u00e9dicas.\" \/>\n<meta property=\"og:url\" content=\"https:\/\/agefinsa.com\/mx\/productos\/\" \/>\n<meta property=\"og:site_name\" content=\"AGEFINSA M\u00e9xico\" \/>\n<meta property=\"article:publisher\" content=\"https:\/\/www.facebook.com\/profile.php?id=100093304913848\" \/>\n<meta property=\"article:modified_time\" content=\"2025-10-04T02:35:03+00:00\" \/>\n<meta property=\"og:image\" content=\"https:\/\/agefinsa.com\/mx\/wp-content\/uploads\/2025\/09\/agetax-5.png\" \/>\n<meta name=\"twitter:card\" content=\"summary_large_image\" \/>\n<meta name=\"twitter:label1\" content=\"Tiempo de lectura\" \/>\n\t<meta name=\"twitter:data1\" content=\"2 minutos\" \/>\n<script type=\"application\/ld+json\" class=\"yoast-schema-graph\">{\"@context\":\"https:\/\/schema.org\",\"@graph\":[{\"@type\":\"WebPage\",\"@id\":\"https:\/\/agefinsa.com\/mx\/productos\/\",\"url\":\"https:\/\/agefinsa.com\/mx\/productos\/\",\"name\":\"Productos - AGEFINSA M\u00e9xico\",\"isPartOf\":{\"@id\":\"https:\/\/agefinsa.com\/mx\/#website\"},\"primaryImageOfPage\":{\"@id\":\"https:\/\/agefinsa.com\/mx\/productos\/#primaryimage\"},\"image\":{\"@id\":\"https:\/\/agefinsa.com\/mx\/productos\/#primaryimage\"},\"thumbnailUrl\":\"https:\/\/agefinsa.com\/mx\/wp-content\/uploads\/2025\/09\/agetax-5.png\",\"datePublished\":\"2022-11-21T14:31:40+00:00\",\"dateModified\":\"2025-10-04T02:35:03+00:00\",\"description\":\"Explore nuestro portafolio de medicamentos de alta calidad, dise\u00f1ados para atender diversas necesidades m\u00e9dicas.\",\"breadcrumb\":{\"@id\":\"https:\/\/agefinsa.com\/mx\/productos\/#breadcrumb\"},\"inLanguage\":\"es\",\"potentialAction\":[{\"@type\":\"ReadAction\",\"target\":[\"https:\/\/agefinsa.com\/mx\/productos\/\"]}]},{\"@type\":\"ImageObject\",\"inLanguage\":\"es\",\"@id\":\"https:\/\/agefinsa.com\/mx\/productos\/#primaryimage\",\"url\":\"https:\/\/agefinsa.com\/mx\/wp-content\/uploads\/2025\/09\/agetax-5.png\",\"contentUrl\":\"https:\/\/agefinsa.com\/mx\/wp-content\/uploads\/2025\/09\/agetax-5.png\",\"width\":300,\"height\":300,\"caption\":\"Agetax 5 ampollas\"},{\"@type\":\"BreadcrumbList\",\"@id\":\"https:\/\/agefinsa.com\/mx\/productos\/#breadcrumb\",\"itemListElement\":[{\"@type\":\"ListItem\",\"position\":1,\"name\":\"Portada\",\"item\":\"https:\/\/agefinsa.com\/mx\/\"},{\"@type\":\"ListItem\",\"position\":2,\"name\":\"Productos\"}]},{\"@type\":\"WebSite\",\"@id\":\"https:\/\/agefinsa.com\/mx\/#website\",\"url\":\"https:\/\/agefinsa.com\/mx\/\",\"name\":\"Agefinsa M\u00e9xico \u2013 Productos Farmac\u00e9uticos\",\"description\":\"Farmac\u00e9utica especializada en medicamentos para el control del sangrado, tratamiento de la hipertensi\u00f3n e intoxicaci\u00f3n por opioides.\",\"publisher\":{\"@id\":\"https:\/\/agefinsa.com\/mx\/#organization\"},\"potentialAction\":[{\"@type\":\"SearchAction\",\"target\":{\"@type\":\"EntryPoint\",\"urlTemplate\":\"https:\/\/agefinsa.com\/mx\/?s={search_term_string}\"},\"query-input\":{\"@type\":\"PropertyValueSpecification\",\"valueRequired\":true,\"valueName\":\"search_term_string\"}}],\"inLanguage\":\"es\"},{\"@type\":\"Organization\",\"@id\":\"https:\/\/agefinsa.com\/mx\/#organization\",\"name\":\"AGEFINSA M\u00e9xico\",\"url\":\"https:\/\/agefinsa.com\/mx\/\",\"logo\":{\"@type\":\"ImageObject\",\"inLanguage\":\"es\",\"@id\":\"https:\/\/agefinsa.com\/mx\/#\/schema\/logo\/image\/\",\"url\":\"https:\/\/agefinsa.com\/mx\/wp-content\/uploads\/2022\/11\/logo.png\",\"contentUrl\":\"https:\/\/agefinsa.com\/mx\/wp-content\/uploads\/2022\/11\/logo.png\",\"width\":800,\"height\":450,\"caption\":\"AGEFINSA M\u00e9xico\"},\"image\":{\"@id\":\"https:\/\/agefinsa.com\/mx\/#\/schema\/logo\/image\/\"},\"sameAs\":[\"https:\/\/www.facebook.com\/profile.php?id=100093304913848\",\"https:\/\/instagram.com\/agefinsa_mx\",\"https:\/\/www.linkedin.com\/company\/agefinsa\/\"]}]}<\/script>\n<!-- \/ Yoast SEO plugin. -->","yoast_head_json":{"title":"Productos - AGEFINSA M\u00e9xico","description":"Explore nuestro portafolio de medicamentos de alta calidad, dise\u00f1ados para atender diversas necesidades m\u00e9dicas.","robots":{"index":"index","follow":"follow","max-snippet":"max-snippet:-1","max-image-preview":"max-image-preview:large","max-video-preview":"max-video-preview:-1"},"canonical":"https:\/\/agefinsa.com\/mx\/productos\/","og_locale":"es_ES","og_type":"article","og_title":"Productos - AGEFINSA M\u00e9xico","og_description":"Explore nuestro portafolio de medicamentos de alta calidad, dise\u00f1ados para atender diversas necesidades m\u00e9dicas.","og_url":"https:\/\/agefinsa.com\/mx\/productos\/","og_site_name":"AGEFINSA M\u00e9xico","article_publisher":"https:\/\/www.facebook.com\/profile.php?id=100093304913848","article_modified_time":"2025-10-04T02:35:03+00:00","og_image":[{"url":"https:\/\/agefinsa.com\/mx\/wp-content\/uploads\/2025\/09\/agetax-5.png","type":"","width":"","height":""}],"twitter_card":"summary_large_image","twitter_misc":{"Tiempo de lectura":"2 minutos"},"schema":{"@context":"https:\/\/schema.org","@graph":[{"@type":"WebPage","@id":"https:\/\/agefinsa.com\/mx\/productos\/","url":"https:\/\/agefinsa.com\/mx\/productos\/","name":"Productos - AGEFINSA M\u00e9xico","isPartOf":{"@id":"https:\/\/agefinsa.com\/mx\/#website"},"primaryImageOfPage":{"@id":"https:\/\/agefinsa.com\/mx\/productos\/#primaryimage"},"image":{"@id":"https:\/\/agefinsa.com\/mx\/productos\/#primaryimage"},"thumbnailUrl":"https:\/\/agefinsa.com\/mx\/wp-content\/uploads\/2025\/09\/agetax-5.png","datePublished":"2022-11-21T14:31:40+00:00","dateModified":"2025-10-04T02:35:03+00:00","description":"Explore nuestro portafolio de medicamentos de alta calidad, dise\u00f1ados para atender diversas necesidades m\u00e9dicas.","breadcrumb":{"@id":"https:\/\/agefinsa.com\/mx\/productos\/#breadcrumb"},"inLanguage":"es","potentialAction":[{"@type":"ReadAction","target":["https:\/\/agefinsa.com\/mx\/productos\/"]}]},{"@type":"ImageObject","inLanguage":"es","@id":"https:\/\/agefinsa.com\/mx\/productos\/#primaryimage","url":"https:\/\/agefinsa.com\/mx\/wp-content\/uploads\/2025\/09\/agetax-5.png","contentUrl":"https:\/\/agefinsa.com\/mx\/wp-content\/uploads\/2025\/09\/agetax-5.png","width":300,"height":300,"caption":"Agetax 5 ampollas"},{"@type":"BreadcrumbList","@id":"https:\/\/agefinsa.com\/mx\/productos\/#breadcrumb","itemListElement":[{"@type":"ListItem","position":1,"name":"Portada","item":"https:\/\/agefinsa.com\/mx\/"},{"@type":"ListItem","position":2,"name":"Productos"}]},{"@type":"WebSite","@id":"https:\/\/agefinsa.com\/mx\/#website","url":"https:\/\/agefinsa.com\/mx\/","name":"Agefinsa M\u00e9xico \u2013 Productos Farmac\u00e9uticos","description":"Farmac\u00e9utica especializada en medicamentos para el control del sangrado, tratamiento de la hipertensi\u00f3n e intoxicaci\u00f3n por opioides.","publisher":{"@id":"https:\/\/agefinsa.com\/mx\/#organization"},"potentialAction":[{"@type":"SearchAction","target":{"@type":"EntryPoint","urlTemplate":"https:\/\/agefinsa.com\/mx\/?s={search_term_string}"},"query-input":{"@type":"PropertyValueSpecification","valueRequired":true,"valueName":"search_term_string"}}],"inLanguage":"es"},{"@type":"Organization","@id":"https:\/\/agefinsa.com\/mx\/#organization","name":"AGEFINSA M\u00e9xico","url":"https:\/\/agefinsa.com\/mx\/","logo":{"@type":"ImageObject","inLanguage":"es","@id":"https:\/\/agefinsa.com\/mx\/#\/schema\/logo\/image\/","url":"https:\/\/agefinsa.com\/mx\/wp-content\/uploads\/2022\/11\/logo.png","contentUrl":"https:\/\/agefinsa.com\/mx\/wp-content\/uploads\/2022\/11\/logo.png","width":800,"height":450,"caption":"AGEFINSA M\u00e9xico"},"image":{"@id":"https:\/\/agefinsa.com\/mx\/#\/schema\/logo\/image\/"},"sameAs":["https:\/\/www.facebook.com\/profile.php?id=100093304913848","https:\/\/instagram.com\/agefinsa_mx","https:\/\/www.linkedin.com\/company\/agefinsa\/"]}]}},"_links":{"self":[{"href":"https:\/\/agefinsa.com\/mx\/wp-json\/wp\/v2\/pages\/1616","targetHints":{"allow":["GET"]}}],"collection":[{"href":"https:\/\/agefinsa.com\/mx\/wp-json\/wp\/v2\/pages"}],"about":[{"href":"https:\/\/agefinsa.com\/mx\/wp-json\/wp\/v2\/types\/page"}],"author":[{"embeddable":true,"href":"https:\/\/agefinsa.com\/mx\/wp-json\/wp\/v2\/users\/1"}],"replies":[{"embeddable":true,"href":"https:\/\/agefinsa.com\/mx\/wp-json\/wp\/v2\/comments?post=1616"}],"version-history":[{"count":0,"href":"https:\/\/agefinsa.com\/mx\/wp-json\/wp\/v2\/pages\/1616\/revisions"}],"wp:attachment":[{"href":"https:\/\/agefinsa.com\/mx\/wp-json\/wp\/v2\/media?parent=1616"}],"curies":[{"name":"wp","href":"https:\/\/api.w.org\/{rel}","templated":true}]}}