{"id":23,"date":"2022-04-13T14:38:26","date_gmt":"2022-04-13T14:38:26","guid":{"rendered":"https:\/\/xstore.8theme.com\/elementor\/demos\/business02\/?page_id=23"},"modified":"2026-03-24T03:39:27","modified_gmt":"2026-03-24T03:39:27","slug":"contacto","status":"publish","type":"page","link":"https:\/\/agefinsa.com\/mx\/contacto\/","title":{"rendered":"Cont\u00e1ctenos"},"content":{"rendered":"\t\t<div data-elementor-type=\"wp-page\" data-elementor-id=\"23\" class=\"elementor elementor-23\">\n\t\t\t\t\t\t<section class=\"elementor-section elementor-top-section elementor-element elementor-element-1310284 elementor-section-height-min-height elementor-section-stretched elementor-section-boxed elementor-section-height-default elementor-section-items-middle\" data-id=\"1310284\" data-element_type=\"section\" data-settings=\"{&quot;stretch_section&quot;:&quot;section-stretched&quot;,&quot;background_background&quot;:&quot;classic&quot;}\">\n\t\t\t\t\t\t\t<div class=\"elementor-background-overlay\"><\/div>\n\t\t\t\t\t\t\t<div class=\"elementor-container elementor-column-gap-custom\">\n\t\t\t\t\t<div class=\"elementor-column elementor-col-100 elementor-top-column elementor-element elementor-element-3245775\" data-id=\"3245775\" data-element_type=\"column\">\n\t\t\t<div class=\"elementor-widget-wrap elementor-element-populated\">\n\t\t\t\t\t\t<div class=\"elementor-element elementor-element-d7d37fe elementor-align-left elementor-widget elementor-widget-etheme_advanced_headline\" data-id=\"d7d37fe\" data-element_type=\"widget\" data-widget_type=\"etheme_advanced_headline.default\">\n\t\t\t\t<div class=\"elementor-widget-container\">\n\t\t\t\t\t        \n        <div class=\"etheme-a-h-wrapper\">\n        \n                            <span class=\"etheme-a-h-text-before\">\n                    Cont\u00e1ctenos                <\/span>\n            \n        <h2 class=\"etheme-advanced-headline etheme-advanced-headline-mask\">\n\n            \n        <\/h2>\n\t\t\n                    \n        <\/div>\n        \n\t\t\t\t\t\t<\/div>\n\t\t\t\t<\/div>\n\t\t\t\t\t<\/div>\n\t\t<\/div>\n\t\t\t\t\t<\/div>\n\t\t<\/section>\n\t\t\t\t<section class=\"elementor-section elementor-top-section elementor-element elementor-element-e62fd8a elementor-section-boxed elementor-section-height-default elementor-section-height-default\" data-id=\"e62fd8a\" data-element_type=\"section\">\n\t\t\t\t\t\t<div class=\"elementor-container elementor-column-gap-no\">\n\t\t\t\t\t<div class=\"elementor-column elementor-col-50 elementor-top-column elementor-element elementor-element-f132af1\" data-id=\"f132af1\" data-element_type=\"column\">\n\t\t\t<div class=\"elementor-widget-wrap elementor-element-populated\">\n\t\t\t\t\t\t<section class=\"elementor-section elementor-inner-section elementor-element elementor-element-3b8639d elementor-section-boxed elementor-section-height-default elementor-section-height-default\" data-id=\"3b8639d\" data-element_type=\"section\">\n\t\t\t\t\t\t<div class=\"elementor-container elementor-column-gap-default\">\n\t\t\t\t\t<div class=\"elementor-column elementor-col-100 elementor-inner-column elementor-element elementor-element-3f74eea\" data-id=\"3f74eea\" data-element_type=\"column\">\n\t\t\t<div class=\"elementor-widget-wrap elementor-element-populated\">\n\t\t\t\t\t\t<div class=\"elementor-element elementor-element-f933db9 elementor-align-left elementor-widget elementor-widget-etheme_icon_box\" data-id=\"f933db9\" data-element_type=\"widget\" data-settings=\"{&quot;icon_type&quot;:&quot;image&quot;}\" data-widget_type=\"etheme_icon_box.default\">\n\t\t\t\t<div class=\"elementor-widget-container\">\n\t\t\t\t\t\t\t\t<div class=\"etheme-icon-box etheme-icon-box-icon-position-left\">\n        \n                            \n                <div class=\"etheme-icon-box-icon etheme-icon-box-icon-type-image\">\n        \n                <img loading=\"lazy\" loading=\"lazy\" decoding=\"async\" width=\"97\" height=\"100\" src=\"https:\/\/agefinsa.com\/mx\/wp-content\/uploads\/2022\/04\/Icon_6_2x.png\" class=\"attachment-full size-full wp-image-712\" alt=\"\" \/>        \n                <\/div>\n            \n                <div class=\"etheme-icon-box-content\">\n\t\t\n                                        \n                                            <h3 class=\"etheme-icon-box-title\">\n                            <span>M\u00e9xico<\/span>\n                        <\/h3>\n                    \t\t\n                                            <p class=\"etheme-icon-box-description\">\n                            Torre Tres Picos, No. 19, Colonia Bosque de Chapultepec, C.P. 11580 Ciudad de M\u00e9xico.                        <\/p>\n                    \n                            \n                <\/div>\n\t\t\t<\/div>\n\t\t\t\t\t\t<\/div>\n\t\t\t\t<\/div>\n\t\t\t\t<div class=\"elementor-element elementor-element-73760b6 elementor-align-left elementor-widget elementor-widget-etheme_icon_box\" data-id=\"73760b6\" data-element_type=\"widget\" data-settings=\"{&quot;icon_type&quot;:&quot;image&quot;}\" data-widget_type=\"etheme_icon_box.default\">\n\t\t\t\t<div class=\"elementor-widget-container\">\n\t\t\t\t\t\t\t\t<div class=\"etheme-icon-box etheme-icon-box-icon-position-left\">\n        \n                            \n                <div class=\"etheme-icon-box-icon etheme-icon-box-icon-type-image\">\n        \n                <img loading=\"lazy\" loading=\"lazy\" decoding=\"async\" width=\"100\" height=\"81\" src=\"https:\/\/agefinsa.com\/mx\/wp-content\/uploads\/2022\/04\/Icon_5_2x.png\" class=\"attachment-full size-full wp-image-711\" alt=\"\" \/>        \n                <\/div>\n            \n                <div class=\"etheme-icon-box-content\">\n\t\t\n                                        \n                                            <h3 class=\"etheme-icon-box-title\">\n                            <span> Representante Virtual<\/span>\n                        <\/h3>\n                    \t\t\n                                            <p class=\"etheme-icon-box-description\">\n                            +52 56 4182 6672                        <\/p>\n                    \n                            \n                <\/div>\n\t\t\t<\/div>\n\t\t\t\t\t\t<\/div>\n\t\t\t\t<\/div>\n\t\t\t\t<div class=\"elementor-element elementor-element-8f0692d elementor-align-left elementor-widget elementor-widget-etheme_icon_box\" data-id=\"8f0692d\" data-element_type=\"widget\" data-settings=\"{&quot;icon_type&quot;:&quot;image&quot;}\" data-widget_type=\"etheme_icon_box.default\">\n\t\t\t\t<div class=\"elementor-widget-container\">\n\t\t\t\t\t\t\t\t<div class=\"etheme-icon-box etheme-icon-box-icon-position-left\">\n        \n                            \n                <div class=\"etheme-icon-box-icon etheme-icon-box-icon-type-image\">\n        \n                <img loading=\"lazy\" loading=\"lazy\" decoding=\"async\" width=\"100\" height=\"72\" src=\"https:\/\/agefinsa.com\/mx\/wp-content\/uploads\/2022\/04\/Icon_1_2x.png\" class=\"attachment-full size-full wp-image-707\" alt=\"\" \/>        \n                <\/div>\n            \n                <div class=\"etheme-icon-box-content\">\n\t\t\n                                        \n                                            <h3 class=\"etheme-icon-box-title\">\n                            <span>Correo electr\u00f3nico<\/span>\n                        <\/h3>\n                    \t\t\n                                            <p class=\"etheme-icon-box-description\">\n                            info@agefinsa.com                        <\/p>\n                    \n                            \n                <\/div>\n\t\t\t<\/div>\n\t\t\t\t\t\t<\/div>\n\t\t\t\t<\/div>\n\t\t\t\t\t<\/div>\n\t\t<\/div>\n\t\t\t\t\t<\/div>\n\t\t<\/section>\n\t\t\t\t\t<\/div>\n\t\t<\/div>\n\t\t\t\t<div class=\"elementor-column elementor-col-50 elementor-top-column elementor-element elementor-element-f9535bd\" data-id=\"f9535bd\" data-element_type=\"column\">\n\t\t\t<div class=\"elementor-widget-wrap elementor-element-populated\">\n\t\t\t\t\t\t<div class=\"elementor-element elementor-element-3b1a1f3c elementor-align-left elementor-widget elementor-widget-etheme_advanced_headline\" data-id=\"3b1a1f3c\" data-element_type=\"widget\" data-widget_type=\"etheme_advanced_headline.default\">\n\t\t\t\t<div class=\"elementor-widget-container\">\n\t\t\t\t\t        \n        <div class=\"etheme-a-h-wrapper etheme-a-h-with-bg etheme-a-h-lines-none\">\n        \n            \n        <h2 class=\"etheme-advanced-headline\">\n\n                                <span class=\"etheme-a-h-text-before\">\n                    Cont\u00e1ctenos                    <\/span>\n                Modos de contactarnos\n        <\/h2>\n\t\t\n                    \n        <\/div>\n        \n\t\t\t\t\t\t<\/div>\n\t\t\t\t<\/div>\n\t\t\t\t<div class=\"elementor-element elementor-element-d809388 elementor-button-align-stretch elementor-widget elementor-widget-form\" data-id=\"d809388\" data-element_type=\"widget\" data-settings=\"{&quot;step_next_label&quot;:&quot;Next&quot;,&quot;step_previous_label&quot;:&quot;Previous&quot;,&quot;button_width&quot;:&quot;100&quot;,&quot;step_type&quot;:&quot;number_text&quot;,&quot;step_icon_shape&quot;:&quot;circle&quot;}\" data-widget_type=\"form.default\">\n\t\t\t\t<div class=\"elementor-widget-container\">\n\t\t\t\t\t\t\t<form class=\"elementor-form\" method=\"post\" name=\"Contacto\">\n\t\t\t<input type=\"hidden\" name=\"post_id\" value=\"23\"\/>\n\t\t\t<input type=\"hidden\" name=\"form_id\" value=\"d809388\"\/>\n\t\t\t<input type=\"hidden\" name=\"referer_title\" value=\"AGEFINSA M\u00e9xico\" \/>\n\n\t\t\t\n\t\t\t<div class=\"elementor-form-fields-wrapper elementor-labels-\">\n\t\t\t\t\t\t\t\t<div class=\"elementor-field-type-text elementor-field-group elementor-column elementor-field-group-name elementor-col-100\">\n\t\t\t\t\t\t\t\t\t\t\t\t<label for=\"form-field-name\" class=\"elementor-field-label elementor-screen-only\">\n\t\t\t\t\t\t\t\tNombre\t\t\t\t\t\t\t<\/label>\n\t\t\t\t\t\t\t\t\t\t\t\t\t\t<input size=\"1\" type=\"text\" name=\"form_fields[name]\" id=\"form-field-name\" class=\"elementor-field elementor-size-sm  elementor-field-textual\" placeholder=\"Nombre\">\n\t\t\t\t\t\t\t\t\t\t\t<\/div>\n\t\t\t\t\t\t\t\t<div class=\"elementor-field-type-tel elementor-field-group elementor-column elementor-field-group-field_2a9f66b elementor-col-100\">\n\t\t\t\t\t\t\t\t\t\t\t\t<label for=\"form-field-field_2a9f66b\" class=\"elementor-field-label elementor-screen-only\">\n\t\t\t\t\t\t\t\tTel\u00e9fono\t\t\t\t\t\t\t<\/label>\n\t\t\t\t\t\t\t\t<input size=\"1\" type=\"tel\" name=\"form_fields[field_2a9f66b]\" id=\"form-field-field_2a9f66b\" class=\"elementor-field elementor-size-sm  elementor-field-textual\" placeholder=\"Tel\u00e9fono\" pattern=\"[0-9()#&amp;+*-=.]+\" title=\"Only numbers and phone characters (#, -, *, etc) are accepted.\">\n\n\t\t\t\t\t\t<\/div>\n\t\t\t\t\t\t\t\t<div class=\"elementor-field-type-email elementor-field-group elementor-column elementor-field-group-email elementor-col-100 elementor-field-required\">\n\t\t\t\t\t\t\t\t\t\t\t\t<label for=\"form-field-email\" class=\"elementor-field-label elementor-screen-only\">\n\t\t\t\t\t\t\t\tEmail\t\t\t\t\t\t\t<\/label>\n\t\t\t\t\t\t\t\t\t\t\t\t\t\t<input size=\"1\" type=\"email\" name=\"form_fields[email]\" id=\"form-field-email\" class=\"elementor-field elementor-size-sm  elementor-field-textual\" placeholder=\"Email\" required=\"required\" aria-required=\"true\">\n\t\t\t\t\t\t\t\t\t\t\t<\/div>\n\t\t\t\t\t\t\t\t<div class=\"elementor-field-type-text elementor-field-group elementor-column elementor-field-group-field_920d918 elementor-col-100\">\n\t\t\t\t\t\t\t\t\t\t\t\t<label for=\"form-field-field_920d918\" class=\"elementor-field-label elementor-screen-only\">\n\t\t\t\t\t\t\t\tEmpresa\t\t\t\t\t\t\t<\/label>\n\t\t\t\t\t\t\t\t\t\t\t\t\t\t<input size=\"1\" type=\"text\" name=\"form_fields[field_920d918]\" id=\"form-field-field_920d918\" class=\"elementor-field elementor-size-sm  elementor-field-textual\" placeholder=\"Empresa\">\n\t\t\t\t\t\t\t\t\t\t\t<\/div>\n\t\t\t\t\t\t\t\t<div class=\"elementor-field-type-textarea elementor-field-group elementor-column elementor-field-group-message elementor-col-100\">\n\t\t\t\t\t\t\t\t\t\t\t\t<label for=\"form-field-message\" class=\"elementor-field-label elementor-screen-only\">\n\t\t\t\t\t\t\t\tComentario\t\t\t\t\t\t\t<\/label>\n\t\t\t\t\t\t<textarea class=\"elementor-field-textual elementor-field  elementor-size-sm\" name=\"form_fields[message]\" id=\"form-field-message\" rows=\"4\" placeholder=\"Comentario\"><\/textarea>\t\t\t\t<\/div>\n\t\t\t\t\t\t\t\t<div class=\"elementor-field-type-recaptcha elementor-field-group elementor-column elementor-field-group-field_070e9d6 elementor-col-100\">\n\t\t\t\t\t<div class=\"elementor-field\" id=\"form-field-field_070e9d6\"><div class=\"elementor-g-recaptcha\" data-sitekey=\"6LerFiYqAAAAABospf5jsP9y4TP452yXeLSaAmaT\" data-type=\"v2_checkbox\" data-theme=\"light\" data-size=\"normal\"><\/div><\/div>\t\t\t\t<\/div>\n\t\t\t\t\t\t\t\t<div class=\"elementor-field-group elementor-column elementor-field-type-submit elementor-col-100 e-form__buttons\">\n\t\t\t\t\t<button type=\"submit\" class=\"elementor-button elementor-size-sm\">\n\t\t\t\t\t\t<span >\n\t\t\t\t\t\t\t\t\t\t\t\t\t\t\t<span class=\" elementor-button-icon\">\n\t\t\t\t\t\t\t\t\t\t\t\t\t\t\t\t\t\t\t\t\t\t\t\t\t\t<\/span>\n\t\t\t\t\t\t\t\t\t\t\t\t\t\t\t\t\t\t\t\t\t\t<span class=\"elementor-button-text\">Enviar<\/span>\n\t\t\t\t\t\t\t\t\t\t\t\t\t<\/span>\n\t\t\t\t\t<\/button>\n\t\t\t\t<\/div>\n\t\t\t<\/div>\n\t\t<\/form>\n\t\t\t\t\t\t<\/div>\n\t\t\t\t<\/div>\n\t\t\t\t\t<\/div>\n\t\t<\/div>\n\t\t\t\t\t<\/div>\n\t\t<\/section>\n\t\t\t\t<\/div>\n\t\t","protected":false},"excerpt":{"rendered":"<p>Cont\u00e1ctenos M\u00e9xico Torre Tres Picos, No. 19, Colonia Bosque de Chapultepec, C.P. 11580 Ciudad de M\u00e9xico. Representante Virtual +52 56 4182 6672 Correo electr\u00f3nico info@agefinsa.com&#8230;<\/p>\n","protected":false},"author":1,"featured_media":1169,"parent":0,"menu_order":0,"comment_status":"closed","ping_status":"closed","template":"elementor_header_footer","meta":{"footnotes":""},"class_list":["post-23","page","type-page","status-publish","has-post-thumbnail","hentry"],"yoast_head":"<!-- This site is optimized with the Yoast SEO plugin v26.2 - https:\/\/yoast.com\/wordpress\/plugins\/seo\/ -->\n<title>Cont\u00e1ctenos - AGEFINSA M\u00e9xico<\/title>\n<meta name=\"description\" content=\"Comun\u00edquese con nosotros para resolver sus dudas y brindarle atenci\u00f3n personalizada sobre nuestros productos.\" \/>\n<meta name=\"robots\" content=\"index, follow, max-snippet:-1, max-image-preview:large, max-video-preview:-1\" \/>\n<link rel=\"canonical\" href=\"https:\/\/agefinsa.com\/mx\/contacto\/\" \/>\n<meta property=\"og:locale\" content=\"es_ES\" \/>\n<meta property=\"og:type\" content=\"article\" \/>\n<meta property=\"og:title\" content=\"Cont\u00e1ctenos - AGEFINSA M\u00e9xico\" \/>\n<meta property=\"og:description\" content=\"Comun\u00edquese con nosotros para resolver sus dudas y brindarle atenci\u00f3n personalizada sobre nuestros productos.\" \/>\n<meta property=\"og:url\" content=\"https:\/\/agefinsa.com\/mx\/contacto\/\" \/>\n<meta property=\"og:site_name\" content=\"AGEFINSA M\u00e9xico\" \/>\n<meta property=\"article:publisher\" content=\"https:\/\/www.facebook.com\/profile.php?id=100093304913848\" \/>\n<meta property=\"article:modified_time\" content=\"2026-03-24T03:39:27+00:00\" \/>\n<meta property=\"og:image\" content=\"https:\/\/agefinsa.com\/mx\/wp-content\/uploads\/2022\/04\/Box-min-2.jpeg\" \/>\n\t<meta property=\"og:image:width\" content=\"1900\" \/>\n\t<meta property=\"og:image:height\" content=\"250\" \/>\n\t<meta property=\"og:image:type\" content=\"image\/jpeg\" \/>\n<meta name=\"twitter:card\" content=\"summary_large_image\" \/>\n<meta name=\"twitter:label1\" content=\"Tiempo de lectura\" \/>\n\t<meta name=\"twitter:data1\" content=\"1 minuto\" \/>\n<script type=\"application\/ld+json\" class=\"yoast-schema-graph\">{\"@context\":\"https:\/\/schema.org\",\"@graph\":[{\"@type\":\"WebPage\",\"@id\":\"https:\/\/agefinsa.com\/mx\/contacto\/\",\"url\":\"https:\/\/agefinsa.com\/mx\/contacto\/\",\"name\":\"Cont\u00e1ctenos - AGEFINSA M\u00e9xico\",\"isPartOf\":{\"@id\":\"https:\/\/agefinsa.com\/mx\/#website\"},\"primaryImageOfPage\":{\"@id\":\"https:\/\/agefinsa.com\/mx\/contacto\/#primaryimage\"},\"image\":{\"@id\":\"https:\/\/agefinsa.com\/mx\/contacto\/#primaryimage\"},\"thumbnailUrl\":\"https:\/\/agefinsa.com\/mx\/wp-content\/uploads\/2022\/04\/Box-min-2.jpeg\",\"datePublished\":\"2022-04-13T14:38:26+00:00\",\"dateModified\":\"2026-03-24T03:39:27+00:00\",\"description\":\"Comun\u00edquese con nosotros para resolver sus dudas y brindarle atenci\u00f3n personalizada sobre nuestros productos.\",\"breadcrumb\":{\"@id\":\"https:\/\/agefinsa.com\/mx\/contacto\/#breadcrumb\"},\"inLanguage\":\"es\",\"potentialAction\":[{\"@type\":\"ReadAction\",\"target\":[\"https:\/\/agefinsa.com\/mx\/contacto\/\"]}]},{\"@type\":\"ImageObject\",\"inLanguage\":\"es\",\"@id\":\"https:\/\/agefinsa.com\/mx\/contacto\/#primaryimage\",\"url\":\"https:\/\/agefinsa.com\/mx\/wp-content\/uploads\/2022\/04\/Box-min-2.jpeg\",\"contentUrl\":\"https:\/\/agefinsa.com\/mx\/wp-content\/uploads\/2022\/04\/Box-min-2.jpeg\",\"width\":1900,\"height\":250},{\"@type\":\"BreadcrumbList\",\"@id\":\"https:\/\/agefinsa.com\/mx\/contacto\/#breadcrumb\",\"itemListElement\":[{\"@type\":\"ListItem\",\"position\":1,\"name\":\"Portada\",\"item\":\"https:\/\/agefinsa.com\/mx\/\"},{\"@type\":\"ListItem\",\"position\":2,\"name\":\"Cont\u00e1ctenos\"}]},{\"@type\":\"WebSite\",\"@id\":\"https:\/\/agefinsa.com\/mx\/#website\",\"url\":\"https:\/\/agefinsa.com\/mx\/\",\"name\":\"Agefinsa M\u00e9xico \u2013 Productos Farmac\u00e9uticos\",\"description\":\"Farmac\u00e9utica especializada en medicamentos para el control del sangrado, tratamiento de la hipertensi\u00f3n e intoxicaci\u00f3n por opioides.\",\"publisher\":{\"@id\":\"https:\/\/agefinsa.com\/mx\/#organization\"},\"potentialAction\":[{\"@type\":\"SearchAction\",\"target\":{\"@type\":\"EntryPoint\",\"urlTemplate\":\"https:\/\/agefinsa.com\/mx\/?s={search_term_string}\"},\"query-input\":{\"@type\":\"PropertyValueSpecification\",\"valueRequired\":true,\"valueName\":\"search_term_string\"}}],\"inLanguage\":\"es\"},{\"@type\":\"Organization\",\"@id\":\"https:\/\/agefinsa.com\/mx\/#organization\",\"name\":\"AGEFINSA M\u00e9xico\",\"url\":\"https:\/\/agefinsa.com\/mx\/\",\"logo\":{\"@type\":\"ImageObject\",\"inLanguage\":\"es\",\"@id\":\"https:\/\/agefinsa.com\/mx\/#\/schema\/logo\/image\/\",\"url\":\"https:\/\/agefinsa.com\/mx\/wp-content\/uploads\/2022\/11\/logo.png\",\"contentUrl\":\"https:\/\/agefinsa.com\/mx\/wp-content\/uploads\/2022\/11\/logo.png\",\"width\":800,\"height\":450,\"caption\":\"AGEFINSA M\u00e9xico\"},\"image\":{\"@id\":\"https:\/\/agefinsa.com\/mx\/#\/schema\/logo\/image\/\"},\"sameAs\":[\"https:\/\/www.facebook.com\/profile.php?id=100093304913848\",\"https:\/\/instagram.com\/agefinsa_mx\",\"https:\/\/www.linkedin.com\/company\/agefinsa\/\"]}]}<\/script>\n<!-- \/ Yoast SEO plugin. -->","yoast_head_json":{"title":"Cont\u00e1ctenos - AGEFINSA M\u00e9xico","description":"Comun\u00edquese con nosotros para resolver sus dudas y brindarle atenci\u00f3n personalizada sobre nuestros productos.","robots":{"index":"index","follow":"follow","max-snippet":"max-snippet:-1","max-image-preview":"max-image-preview:large","max-video-preview":"max-video-preview:-1"},"canonical":"https:\/\/agefinsa.com\/mx\/contacto\/","og_locale":"es_ES","og_type":"article","og_title":"Cont\u00e1ctenos - AGEFINSA M\u00e9xico","og_description":"Comun\u00edquese con nosotros para resolver sus dudas y brindarle atenci\u00f3n personalizada sobre nuestros productos.","og_url":"https:\/\/agefinsa.com\/mx\/contacto\/","og_site_name":"AGEFINSA M\u00e9xico","article_publisher":"https:\/\/www.facebook.com\/profile.php?id=100093304913848","article_modified_time":"2026-03-24T03:39:27+00:00","og_image":[{"width":1900,"height":250,"url":"https:\/\/agefinsa.com\/mx\/wp-content\/uploads\/2022\/04\/Box-min-2.jpeg","type":"image\/jpeg"}],"twitter_card":"summary_large_image","twitter_misc":{"Tiempo de lectura":"1 minuto"},"schema":{"@context":"https:\/\/schema.org","@graph":[{"@type":"WebPage","@id":"https:\/\/agefinsa.com\/mx\/contacto\/","url":"https:\/\/agefinsa.com\/mx\/contacto\/","name":"Cont\u00e1ctenos - AGEFINSA M\u00e9xico","isPartOf":{"@id":"https:\/\/agefinsa.com\/mx\/#website"},"primaryImageOfPage":{"@id":"https:\/\/agefinsa.com\/mx\/contacto\/#primaryimage"},"image":{"@id":"https:\/\/agefinsa.com\/mx\/contacto\/#primaryimage"},"thumbnailUrl":"https:\/\/agefinsa.com\/mx\/wp-content\/uploads\/2022\/04\/Box-min-2.jpeg","datePublished":"2022-04-13T14:38:26+00:00","dateModified":"2026-03-24T03:39:27+00:00","description":"Comun\u00edquese con nosotros para resolver sus dudas y brindarle atenci\u00f3n personalizada sobre nuestros productos.","breadcrumb":{"@id":"https:\/\/agefinsa.com\/mx\/contacto\/#breadcrumb"},"inLanguage":"es","potentialAction":[{"@type":"ReadAction","target":["https:\/\/agefinsa.com\/mx\/contacto\/"]}]},{"@type":"ImageObject","inLanguage":"es","@id":"https:\/\/agefinsa.com\/mx\/contacto\/#primaryimage","url":"https:\/\/agefinsa.com\/mx\/wp-content\/uploads\/2022\/04\/Box-min-2.jpeg","contentUrl":"https:\/\/agefinsa.com\/mx\/wp-content\/uploads\/2022\/04\/Box-min-2.jpeg","width":1900,"height":250},{"@type":"BreadcrumbList","@id":"https:\/\/agefinsa.com\/mx\/contacto\/#breadcrumb","itemListElement":[{"@type":"ListItem","position":1,"name":"Portada","item":"https:\/\/agefinsa.com\/mx\/"},{"@type":"ListItem","position":2,"name":"Cont\u00e1ctenos"}]},{"@type":"WebSite","@id":"https:\/\/agefinsa.com\/mx\/#website","url":"https:\/\/agefinsa.com\/mx\/","name":"Agefinsa M\u00e9xico \u2013 Productos Farmac\u00e9uticos","description":"Farmac\u00e9utica especializada en medicamentos para el control del sangrado, tratamiento de la hipertensi\u00f3n e intoxicaci\u00f3n por opioides.","publisher":{"@id":"https:\/\/agefinsa.com\/mx\/#organization"},"potentialAction":[{"@type":"SearchAction","target":{"@type":"EntryPoint","urlTemplate":"https:\/\/agefinsa.com\/mx\/?s={search_term_string}"},"query-input":{"@type":"PropertyValueSpecification","valueRequired":true,"valueName":"search_term_string"}}],"inLanguage":"es"},{"@type":"Organization","@id":"https:\/\/agefinsa.com\/mx\/#organization","name":"AGEFINSA M\u00e9xico","url":"https:\/\/agefinsa.com\/mx\/","logo":{"@type":"ImageObject","inLanguage":"es","@id":"https:\/\/agefinsa.com\/mx\/#\/schema\/logo\/image\/","url":"https:\/\/agefinsa.com\/mx\/wp-content\/uploads\/2022\/11\/logo.png","contentUrl":"https:\/\/agefinsa.com\/mx\/wp-content\/uploads\/2022\/11\/logo.png","width":800,"height":450,"caption":"AGEFINSA M\u00e9xico"},"image":{"@id":"https:\/\/agefinsa.com\/mx\/#\/schema\/logo\/image\/"},"sameAs":["https:\/\/www.facebook.com\/profile.php?id=100093304913848","https:\/\/instagram.com\/agefinsa_mx","https:\/\/www.linkedin.com\/company\/agefinsa\/"]}]}},"_links":{"self":[{"href":"https:\/\/agefinsa.com\/mx\/wp-json\/wp\/v2\/pages\/23","targetHints":{"allow":["GET"]}}],"collection":[{"href":"https:\/\/agefinsa.com\/mx\/wp-json\/wp\/v2\/pages"}],"about":[{"href":"https:\/\/agefinsa.com\/mx\/wp-json\/wp\/v2\/types\/page"}],"author":[{"embeddable":true,"href":"https:\/\/agefinsa.com\/mx\/wp-json\/wp\/v2\/users\/1"}],"replies":[{"embeddable":true,"href":"https:\/\/agefinsa.com\/mx\/wp-json\/wp\/v2\/comments?post=23"}],"version-history":[{"count":12,"href":"https:\/\/agefinsa.com\/mx\/wp-json\/wp\/v2\/pages\/23\/revisions"}],"predecessor-version":[{"id":2742,"href":"https:\/\/agefinsa.com\/mx\/wp-json\/wp\/v2\/pages\/23\/revisions\/2742"}],"wp:featuredmedia":[{"embeddable":true,"href":"https:\/\/agefinsa.com\/mx\/wp-json\/wp\/v2\/media\/1169"}],"wp:attachment":[{"href":"https:\/\/agefinsa.com\/mx\/wp-json\/wp\/v2\/media?parent=23"}],"curies":[{"name":"wp","href":"https:\/\/api.w.org\/{rel}","templated":true}]}}