{"id":2587,"date":"2025-09-04T21:23:35","date_gmt":"2025-09-04T21:23:35","guid":{"rendered":"https:\/\/agefinsa.com\/mx\/nosotros-copy\/"},"modified":"2025-09-30T20:59:03","modified_gmt":"2025-09-30T20:59:03","slug":"advance","status":"publish","type":"page","link":"https:\/\/agefinsa.com\/mx\/advance\/","title":{"rendered":"Plataforma Advance"},"content":{"rendered":"\t\t<div data-elementor-type=\"wp-page\" data-elementor-id=\"2587\" class=\"elementor elementor-2587\">\n\t\t\t\t\t\t<section class=\"elementor-section elementor-top-section elementor-element elementor-element-cd62861 elementor-section-height-min-height elementor-section-stretched elementor-section-boxed elementor-section-height-default elementor-section-items-middle\" data-id=\"cd62861\" data-element_type=\"section\" data-settings=\"{&quot;stretch_section&quot;:&quot;section-stretched&quot;,&quot;background_background&quot;:&quot;classic&quot;}\">\n\t\t\t\t\t\t\t<div class=\"elementor-background-overlay\"><\/div>\n\t\t\t\t\t\t\t<div class=\"elementor-container elementor-column-gap-custom\">\n\t\t\t\t\t<div class=\"elementor-column elementor-col-100 elementor-top-column elementor-element elementor-element-655a228\" data-id=\"655a228\" data-element_type=\"column\">\n\t\t\t<div class=\"elementor-widget-wrap elementor-element-populated\">\n\t\t\t\t\t\t<div class=\"elementor-element elementor-element-ec1dc28 elementor-align-left elementor-widget elementor-widget-etheme_advanced_headline\" data-id=\"ec1dc28\" data-element_type=\"widget\" data-widget_type=\"etheme_advanced_headline.default\">\n\t\t\t\t<div class=\"elementor-widget-container\">\n\t\t\t\t\t        \n        <div class=\"etheme-a-h-wrapper\">\n        \n                            <span class=\"etheme-a-h-text-before\">\n                    Advance                <\/span>\n            \n        <h2 class=\"etheme-advanced-headline etheme-advanced-headline-mask\">\n\n            \n        <\/h2>\n\t\t\n                    \n        <\/div>\n        \n\t\t\t\t\t\t<\/div>\n\t\t\t\t<\/div>\n\t\t\t\t\t<\/div>\n\t\t<\/div>\n\t\t\t\t\t<\/div>\n\t\t<\/section>\n\t\t\t\t<section class=\"elementor-section elementor-top-section elementor-element elementor-element-81e7258 elementor-section-content-middle elementor-section-boxed elementor-section-height-default elementor-section-height-default\" data-id=\"81e7258\" data-element_type=\"section\">\n\t\t\t\t\t\t<div class=\"elementor-container elementor-column-gap-no\">\n\t\t\t\t\t<div class=\"elementor-column elementor-col-50 elementor-top-column elementor-element elementor-element-0be7739\" data-id=\"0be7739\" data-element_type=\"column\">\n\t\t\t<div class=\"elementor-widget-wrap elementor-element-populated\">\n\t\t\t\t\t\t<div class=\"elementor-element elementor-element-dbc0e6f elementor-widget elementor-widget-image\" data-id=\"dbc0e6f\" data-element_type=\"widget\" data-widget_type=\"image.default\">\n\t\t\t\t<div class=\"elementor-widget-container\">\n\t\t\t\t\t\t\t\t\t\t\t\t\t\t\t<img loading=\"lazy\" loading=\"lazy\" decoding=\"async\" width=\"300\" height=\"98\" src=\"https:\/\/agefinsa.com\/mx\/wp-content\/uploads\/2025\/09\/Plataforma-Advance-Logo-300x98.png\" class=\"attachment-medium size-medium wp-image-2638\" alt=\"Plataforma Advance\" srcset=\"https:\/\/agefinsa.com\/mx\/wp-content\/uploads\/2025\/09\/Plataforma-Advance-Logo-300x98.png 300w, https:\/\/agefinsa.com\/mx\/wp-content\/uploads\/2025\/09\/Plataforma-Advance-Logo-1024x335.png 1024w, https:\/\/agefinsa.com\/mx\/wp-content\/uploads\/2025\/09\/Plataforma-Advance-Logo-768x251.png 768w, https:\/\/agefinsa.com\/mx\/wp-content\/uploads\/2025\/09\/Plataforma-Advance-Logo-1536x502.png 1536w, https:\/\/agefinsa.com\/mx\/wp-content\/uploads\/2025\/09\/Plataforma-Advance-Logo-18x6.png 18w, https:\/\/agefinsa.com\/mx\/wp-content\/uploads\/2025\/09\/Plataforma-Advance-Logo-1x1.png 1w, https:\/\/agefinsa.com\/mx\/wp-content\/uploads\/2025\/09\/Plataforma-Advance-Logo-10x3.png 10w, https:\/\/agefinsa.com\/mx\/wp-content\/uploads\/2025\/09\/Plataforma-Advance-Logo.png 1555w\" sizes=\"auto, (max-width: 300px) 100vw, 300px\" \/>\t\t\t\t\t\t\t\t\t\t\t\t\t\t\t<\/div>\n\t\t\t\t<\/div>\n\t\t\t\t<div class=\"elementor-element elementor-element-cedeb4b elementor-widget elementor-widget-text-editor\" data-id=\"cedeb4b\" data-element_type=\"widget\" data-widget_type=\"text-editor.default\">\n\t\t\t\t<div class=\"elementor-widget-container\">\n\t\t\t\t\t\t\t\t\t<p>Es una plataforma de Educaci\u00f3n M\u00e9dica Continua que pone a su disposici\u00f3n informaci\u00f3n actualizada sobre nuestros productos, videos especializados sobre su uso, las \u00faltimas novedades terap\u00e9uticas, as\u00ed como acceso a webinars, cursos con certificaci\u00f3n y otros recursos de valor.<\/p><p>Todo el contenido se ofrece de manera gratuita, con el objetivo de apoyar su pr\u00e1ctica m\u00e9dica y actualizaci\u00f3n profesional.<\/p>\t\t\t\t\t\t\t\t<\/div>\n\t\t\t\t<\/div>\n\t\t\t\t<div class=\"elementor-element elementor-element-73f2c2d elementor-align-center elementor-widget elementor-widget-button\" data-id=\"73f2c2d\" data-element_type=\"widget\" data-widget_type=\"button.default\">\n\t\t\t\t<div class=\"elementor-widget-container\">\n\t\t\t\t\t\t\t\t\t<div class=\"elementor-button-wrapper\">\n\t\t\t\t\t<a class=\"elementor-button elementor-button-link elementor-size-md\" href=\"https:\/\/agefinsa-advance.com\/login\" target=\"_blank\">\n\t\t\t\t\t\t<span class=\"elementor-button-content-wrapper\">\n\t\t\t\t\t\t\t\t\t<span class=\"elementor-button-text\">ENTRAR<\/span>\n\t\t\t\t\t<\/span>\n\t\t\t\t\t<\/a>\n\t\t\t\t<\/div>\n\t\t\t\t\t\t\t\t<\/div>\n\t\t\t\t<\/div>\n\t\t\t\t<div class=\"elementor-element elementor-element-d0228f4 elementor-widget elementor-widget-text-editor\" data-id=\"d0228f4\" data-element_type=\"widget\" data-widget_type=\"text-editor.default\">\n\t\t\t\t<div class=\"elementor-widget-container\">\n\t\t\t\t\t\t\t\t\t<p><span style=\"color: #ffffff;\"><b>.<\/b><\/span><\/p>\t\t\t\t\t\t\t\t<\/div>\n\t\t\t\t<\/div>\n\t\t\t\t\t<\/div>\n\t\t<\/div>\n\t\t\t\t<div class=\"elementor-column elementor-col-50 elementor-top-column elementor-element elementor-element-4bcecae elementor-hidden-mobile\" data-id=\"4bcecae\" data-element_type=\"column\">\n\t\t\t<div class=\"elementor-widget-wrap elementor-element-populated\">\n\t\t\t\t\t\t<div class=\"elementor-element elementor-element-556f967 elementor-absolute etheme-parallax-scroll_effects elementor-widget elementor-widget-image\" data-id=\"556f967\" data-element_type=\"widget\" data-settings=\"{&quot;etheme_parallax_scroll_y&quot;:&quot;50&quot;,&quot;etheme_parallax&quot;:&quot;yes&quot;,&quot;_position&quot;:&quot;absolute&quot;,&quot;etheme_parallax_type&quot;:&quot;scroll_effects&quot;,&quot;etheme_parallax_scroll_scale&quot;:{&quot;unit&quot;:&quot;px&quot;,&quot;size&quot;:1,&quot;sizes&quot;:[]},&quot;etheme_parallax_scroll_x&quot;:0,&quot;etheme_parallax_scroll_z&quot;:0,&quot;etheme_parallax_scroll_rotate&quot;:{&quot;unit&quot;:&quot;px&quot;,&quot;size&quot;:0,&quot;sizes&quot;:[]},&quot;etheme_parallax_scroll_perspective&quot;:{&quot;unit&quot;:&quot;px&quot;,&quot;size&quot;:800,&quot;sizes&quot;:[]},&quot;etheme_parallax_scroll_smoothness&quot;:{&quot;unit&quot;:&quot;px&quot;,&quot;size&quot;:30,&quot;sizes&quot;:[]}}\" data-widget_type=\"image.default\">\n\t\t\t\t<div class=\"elementor-widget-container\">\n\t\t\t\t\t\t\t\t\t\t\t\t\t\t\t<img loading=\"lazy\" loading=\"lazy\" decoding=\"async\" width=\"462\" height=\"578\" src=\"https:\/\/agefinsa.com\/mx\/wp-content\/uploads\/2022\/04\/Pattern-min.jpeg\" class=\"attachment-full size-full wp-image-1219\" alt=\"\" \/>\t\t\t\t\t\t\t\t\t\t\t\t\t\t\t<\/div>\n\t\t\t\t<\/div>\n\t\t\t\t<div class=\"elementor-element elementor-element-3e631b23 elementor-absolute etheme-parallax-scroll_effects elementor-widget elementor-widget-image\" data-id=\"3e631b23\" data-element_type=\"widget\" data-settings=\"{&quot;etheme_parallax_scroll_y&quot;:&quot;-50&quot;,&quot;etheme_parallax&quot;:&quot;yes&quot;,&quot;_position&quot;:&quot;absolute&quot;,&quot;etheme_parallax_type&quot;:&quot;scroll_effects&quot;,&quot;etheme_parallax_scroll_scale&quot;:{&quot;unit&quot;:&quot;px&quot;,&quot;size&quot;:1,&quot;sizes&quot;:[]},&quot;etheme_parallax_scroll_x&quot;:0,&quot;etheme_parallax_scroll_z&quot;:0,&quot;etheme_parallax_scroll_rotate&quot;:{&quot;unit&quot;:&quot;px&quot;,&quot;size&quot;:0,&quot;sizes&quot;:[]},&quot;etheme_parallax_scroll_perspective&quot;:{&quot;unit&quot;:&quot;px&quot;,&quot;size&quot;:800,&quot;sizes&quot;:[]},&quot;etheme_parallax_scroll_smoothness&quot;:{&quot;unit&quot;:&quot;px&quot;,&quot;size&quot;:30,&quot;sizes&quot;:[]}}\" data-widget_type=\"image.default\">\n\t\t\t\t<div class=\"elementor-widget-container\">\n\t\t\t\t\t\t\t\t\t\t\t\t\t\t\t<img loading=\"lazy\" loading=\"lazy\" decoding=\"async\" width=\"457\" height=\"550\" src=\"https:\/\/agefinsa.com\/mx\/wp-content\/uploads\/2025\/09\/PLATAFORMA_ADVANCE.jpg\" class=\"attachment-full size-full wp-image-2685\" alt=\"Advance\" srcset=\"https:\/\/agefinsa.com\/mx\/wp-content\/uploads\/2025\/09\/PLATAFORMA_ADVANCE.jpg 457w, https:\/\/agefinsa.com\/mx\/wp-content\/uploads\/2025\/09\/PLATAFORMA_ADVANCE-249x300.jpg 249w, https:\/\/agefinsa.com\/mx\/wp-content\/uploads\/2025\/09\/PLATAFORMA_ADVANCE-10x12.jpg 10w, https:\/\/agefinsa.com\/mx\/wp-content\/uploads\/2025\/09\/PLATAFORMA_ADVANCE-1x1.jpg 1w, https:\/\/agefinsa.com\/mx\/wp-content\/uploads\/2025\/09\/PLATAFORMA_ADVANCE-8x10.jpg 8w\" sizes=\"auto, (max-width: 457px) 100vw, 457px\" \/>\t\t\t\t\t\t\t\t\t\t\t\t\t\t\t<\/div>\n\t\t\t\t<\/div>\n\t\t\t\t\t<\/div>\n\t\t<\/div>\n\t\t\t\t\t<\/div>\n\t\t<\/section>\n\t\t\t\t<section class=\"elementor-section elementor-top-section elementor-element elementor-element-9faa87d elementor-section-boxed elementor-section-height-default elementor-section-height-default\" data-id=\"9faa87d\" data-element_type=\"section\">\n\t\t\t\t\t\t<div class=\"elementor-container elementor-column-gap-default\">\n\t\t\t\t\t<div class=\"elementor-column elementor-col-100 elementor-top-column elementor-element elementor-element-13c4954\" data-id=\"13c4954\" data-element_type=\"column\">\n\t\t\t<div class=\"elementor-widget-wrap elementor-element-populated\">\n\t\t\t\t\t\t<div class=\"elementor-element elementor-element-dbb3b87 elementor-widget elementor-widget-spacer\" data-id=\"dbb3b87\" data-element_type=\"widget\" data-widget_type=\"spacer.default\">\n\t\t\t\t<div class=\"elementor-widget-container\">\n\t\t\t\t\t\t\t<div class=\"elementor-spacer\">\n\t\t\t<div class=\"elementor-spacer-inner\"><\/div>\n\t\t<\/div>\n\t\t\t\t\t\t<\/div>\n\t\t\t\t<\/div>\n\t\t\t\t\t<\/div>\n\t\t<\/div>\n\t\t\t\t\t<\/div>\n\t\t<\/section>\n\t\t\t\t<\/div>\n\t\t","protected":false},"excerpt":{"rendered":"<p>Advance Es una plataforma de Educaci\u00f3n M\u00e9dica Continua que pone a su disposici\u00f3n informaci\u00f3n actualizada sobre nuestros productos, videos especializados sobre su uso, las \u00faltimas&#8230;<\/p>\n","protected":false},"author":2,"featured_media":1167,"parent":0,"menu_order":0,"comment_status":"closed","ping_status":"closed","template":"elementor_header_footer","meta":{"footnotes":""},"class_list":["post-2587","page","type-page","status-publish","has-post-thumbnail","hentry"],"yoast_head":"<!-- This site is optimized with the Yoast SEO plugin v26.2 - https:\/\/yoast.com\/wordpress\/plugins\/seo\/ -->\n<title>Plataforma Advance - AGEFINSA M\u00e9xico<\/title>\n<meta name=\"description\" content=\"Farmac\u00e9utica especializada en medicamentos para el control del sangrado, tratamiento de la hipertensi\u00f3n e intoxicaci\u00f3n por opioides.\" \/>\n<meta name=\"robots\" content=\"index, follow, max-snippet:-1, max-image-preview:large, max-video-preview:-1\" \/>\n<link rel=\"canonical\" href=\"https:\/\/agefinsa.com\/mx\/advance\/\" \/>\n<meta property=\"og:locale\" content=\"es_ES\" \/>\n<meta property=\"og:type\" content=\"article\" \/>\n<meta property=\"og:title\" content=\"Plataforma Advance - AGEFINSA M\u00e9xico\" \/>\n<meta property=\"og:description\" content=\"Farmac\u00e9utica especializada en medicamentos para el control del sangrado, tratamiento de la hipertensi\u00f3n e intoxicaci\u00f3n por opioides.\" \/>\n<meta property=\"og:url\" content=\"https:\/\/agefinsa.com\/mx\/advance\/\" \/>\n<meta property=\"og:site_name\" content=\"AGEFINSA M\u00e9xico\" \/>\n<meta property=\"article:publisher\" content=\"https:\/\/www.facebook.com\/profile.php?id=100093304913848\" \/>\n<meta property=\"article:modified_time\" content=\"2025-09-30T20:59:03+00:00\" \/>\n<meta property=\"og:image\" content=\"https:\/\/agefinsa.com\/mx\/wp-content\/uploads\/2022\/04\/Box-min-1.jpeg\" \/>\n\t<meta property=\"og:image:width\" content=\"1900\" \/>\n\t<meta property=\"og:image:height\" content=\"250\" \/>\n\t<meta property=\"og:image:type\" content=\"image\/jpeg\" \/>\n<meta name=\"twitter:card\" content=\"summary_large_image\" \/>\n<meta name=\"twitter:label1\" content=\"Tiempo de lectura\" \/>\n\t<meta name=\"twitter:data1\" content=\"2 minutos\" \/>\n<script type=\"application\/ld+json\" class=\"yoast-schema-graph\">{\"@context\":\"https:\/\/schema.org\",\"@graph\":[{\"@type\":\"WebPage\",\"@id\":\"https:\/\/agefinsa.com\/mx\/advance\/\",\"url\":\"https:\/\/agefinsa.com\/mx\/advance\/\",\"name\":\"Plataforma Advance - AGEFINSA M\u00e9xico\",\"isPartOf\":{\"@id\":\"https:\/\/agefinsa.com\/mx\/#website\"},\"primaryImageOfPage\":{\"@id\":\"https:\/\/agefinsa.com\/mx\/advance\/#primaryimage\"},\"image\":{\"@id\":\"https:\/\/agefinsa.com\/mx\/advance\/#primaryimage\"},\"thumbnailUrl\":\"https:\/\/agefinsa.com\/mx\/wp-content\/uploads\/2022\/04\/Box-min-1.jpeg\",\"datePublished\":\"2025-09-04T21:23:35+00:00\",\"dateModified\":\"2025-09-30T20:59:03+00:00\",\"description\":\"Farmac\u00e9utica especializada en medicamentos para el control del sangrado, tratamiento de la hipertensi\u00f3n e intoxicaci\u00f3n por opioides.\",\"breadcrumb\":{\"@id\":\"https:\/\/agefinsa.com\/mx\/advance\/#breadcrumb\"},\"inLanguage\":\"es\",\"potentialAction\":[{\"@type\":\"ReadAction\",\"target\":[\"https:\/\/agefinsa.com\/mx\/advance\/\"]}]},{\"@type\":\"ImageObject\",\"inLanguage\":\"es\",\"@id\":\"https:\/\/agefinsa.com\/mx\/advance\/#primaryimage\",\"url\":\"https:\/\/agefinsa.com\/mx\/wp-content\/uploads\/2022\/04\/Box-min-1.jpeg\",\"contentUrl\":\"https:\/\/agefinsa.com\/mx\/wp-content\/uploads\/2022\/04\/Box-min-1.jpeg\",\"width\":1900,\"height\":250},{\"@type\":\"BreadcrumbList\",\"@id\":\"https:\/\/agefinsa.com\/mx\/advance\/#breadcrumb\",\"itemListElement\":[{\"@type\":\"ListItem\",\"position\":1,\"name\":\"Portada\",\"item\":\"https:\/\/agefinsa.com\/mx\/\"},{\"@type\":\"ListItem\",\"position\":2,\"name\":\"Plataforma Advance\"}]},{\"@type\":\"WebSite\",\"@id\":\"https:\/\/agefinsa.com\/mx\/#website\",\"url\":\"https:\/\/agefinsa.com\/mx\/\",\"name\":\"Agefinsa M\u00e9xico \u2013 Productos Farmac\u00e9uticos\",\"description\":\"Farmac\u00e9utica especializada en medicamentos para el control del sangrado, tratamiento de la hipertensi\u00f3n e intoxicaci\u00f3n por opioides.\",\"publisher\":{\"@id\":\"https:\/\/agefinsa.com\/mx\/#organization\"},\"potentialAction\":[{\"@type\":\"SearchAction\",\"target\":{\"@type\":\"EntryPoint\",\"urlTemplate\":\"https:\/\/agefinsa.com\/mx\/?s={search_term_string}\"},\"query-input\":{\"@type\":\"PropertyValueSpecification\",\"valueRequired\":true,\"valueName\":\"search_term_string\"}}],\"inLanguage\":\"es\"},{\"@type\":\"Organization\",\"@id\":\"https:\/\/agefinsa.com\/mx\/#organization\",\"name\":\"AGEFINSA M\u00e9xico\",\"url\":\"https:\/\/agefinsa.com\/mx\/\",\"logo\":{\"@type\":\"ImageObject\",\"inLanguage\":\"es\",\"@id\":\"https:\/\/agefinsa.com\/mx\/#\/schema\/logo\/image\/\",\"url\":\"https:\/\/agefinsa.com\/mx\/wp-content\/uploads\/2022\/11\/logo.png\",\"contentUrl\":\"https:\/\/agefinsa.com\/mx\/wp-content\/uploads\/2022\/11\/logo.png\",\"width\":800,\"height\":450,\"caption\":\"AGEFINSA M\u00e9xico\"},\"image\":{\"@id\":\"https:\/\/agefinsa.com\/mx\/#\/schema\/logo\/image\/\"},\"sameAs\":[\"https:\/\/www.facebook.com\/profile.php?id=100093304913848\",\"https:\/\/instagram.com\/agefinsa_mx\",\"https:\/\/www.linkedin.com\/company\/agefinsa\/\"]}]}<\/script>\n<!-- \/ Yoast SEO plugin. -->","yoast_head_json":{"title":"Plataforma Advance - AGEFINSA M\u00e9xico","description":"Farmac\u00e9utica especializada en medicamentos para el control del sangrado, tratamiento de la hipertensi\u00f3n e intoxicaci\u00f3n por opioides.","robots":{"index":"index","follow":"follow","max-snippet":"max-snippet:-1","max-image-preview":"max-image-preview:large","max-video-preview":"max-video-preview:-1"},"canonical":"https:\/\/agefinsa.com\/mx\/advance\/","og_locale":"es_ES","og_type":"article","og_title":"Plataforma Advance - AGEFINSA M\u00e9xico","og_description":"Farmac\u00e9utica especializada en medicamentos para el control del sangrado, tratamiento de la hipertensi\u00f3n e intoxicaci\u00f3n por opioides.","og_url":"https:\/\/agefinsa.com\/mx\/advance\/","og_site_name":"AGEFINSA M\u00e9xico","article_publisher":"https:\/\/www.facebook.com\/profile.php?id=100093304913848","article_modified_time":"2025-09-30T20:59:03+00:00","og_image":[{"width":1900,"height":250,"url":"https:\/\/agefinsa.com\/mx\/wp-content\/uploads\/2022\/04\/Box-min-1.jpeg","type":"image\/jpeg"}],"twitter_card":"summary_large_image","twitter_misc":{"Tiempo de lectura":"2 minutos"},"schema":{"@context":"https:\/\/schema.org","@graph":[{"@type":"WebPage","@id":"https:\/\/agefinsa.com\/mx\/advance\/","url":"https:\/\/agefinsa.com\/mx\/advance\/","name":"Plataforma Advance - AGEFINSA M\u00e9xico","isPartOf":{"@id":"https:\/\/agefinsa.com\/mx\/#website"},"primaryImageOfPage":{"@id":"https:\/\/agefinsa.com\/mx\/advance\/#primaryimage"},"image":{"@id":"https:\/\/agefinsa.com\/mx\/advance\/#primaryimage"},"thumbnailUrl":"https:\/\/agefinsa.com\/mx\/wp-content\/uploads\/2022\/04\/Box-min-1.jpeg","datePublished":"2025-09-04T21:23:35+00:00","dateModified":"2025-09-30T20:59:03+00:00","description":"Farmac\u00e9utica especializada en medicamentos para el control del sangrado, tratamiento de la hipertensi\u00f3n e intoxicaci\u00f3n por opioides.","breadcrumb":{"@id":"https:\/\/agefinsa.com\/mx\/advance\/#breadcrumb"},"inLanguage":"es","potentialAction":[{"@type":"ReadAction","target":["https:\/\/agefinsa.com\/mx\/advance\/"]}]},{"@type":"ImageObject","inLanguage":"es","@id":"https:\/\/agefinsa.com\/mx\/advance\/#primaryimage","url":"https:\/\/agefinsa.com\/mx\/wp-content\/uploads\/2022\/04\/Box-min-1.jpeg","contentUrl":"https:\/\/agefinsa.com\/mx\/wp-content\/uploads\/2022\/04\/Box-min-1.jpeg","width":1900,"height":250},{"@type":"BreadcrumbList","@id":"https:\/\/agefinsa.com\/mx\/advance\/#breadcrumb","itemListElement":[{"@type":"ListItem","position":1,"name":"Portada","item":"https:\/\/agefinsa.com\/mx\/"},{"@type":"ListItem","position":2,"name":"Plataforma Advance"}]},{"@type":"WebSite","@id":"https:\/\/agefinsa.com\/mx\/#website","url":"https:\/\/agefinsa.com\/mx\/","name":"Agefinsa M\u00e9xico \u2013 Productos Farmac\u00e9uticos","description":"Farmac\u00e9utica especializada en medicamentos para el control del sangrado, tratamiento de la hipertensi\u00f3n e intoxicaci\u00f3n por opioides.","publisher":{"@id":"https:\/\/agefinsa.com\/mx\/#organization"},"potentialAction":[{"@type":"SearchAction","target":{"@type":"EntryPoint","urlTemplate":"https:\/\/agefinsa.com\/mx\/?s={search_term_string}"},"query-input":{"@type":"PropertyValueSpecification","valueRequired":true,"valueName":"search_term_string"}}],"inLanguage":"es"},{"@type":"Organization","@id":"https:\/\/agefinsa.com\/mx\/#organization","name":"AGEFINSA M\u00e9xico","url":"https:\/\/agefinsa.com\/mx\/","logo":{"@type":"ImageObject","inLanguage":"es","@id":"https:\/\/agefinsa.com\/mx\/#\/schema\/logo\/image\/","url":"https:\/\/agefinsa.com\/mx\/wp-content\/uploads\/2022\/11\/logo.png","contentUrl":"https:\/\/agefinsa.com\/mx\/wp-content\/uploads\/2022\/11\/logo.png","width":800,"height":450,"caption":"AGEFINSA M\u00e9xico"},"image":{"@id":"https:\/\/agefinsa.com\/mx\/#\/schema\/logo\/image\/"},"sameAs":["https:\/\/www.facebook.com\/profile.php?id=100093304913848","https:\/\/instagram.com\/agefinsa_mx","https:\/\/www.linkedin.com\/company\/agefinsa\/"]}]}},"_links":{"self":[{"href":"https:\/\/agefinsa.com\/mx\/wp-json\/wp\/v2\/pages\/2587","targetHints":{"allow":["GET"]}}],"collection":[{"href":"https:\/\/agefinsa.com\/mx\/wp-json\/wp\/v2\/pages"}],"about":[{"href":"https:\/\/agefinsa.com\/mx\/wp-json\/wp\/v2\/types\/page"}],"author":[{"embeddable":true,"href":"https:\/\/agefinsa.com\/mx\/wp-json\/wp\/v2\/users\/2"}],"replies":[{"embeddable":true,"href":"https:\/\/agefinsa.com\/mx\/wp-json\/wp\/v2\/comments?post=2587"}],"version-history":[{"count":0,"href":"https:\/\/agefinsa.com\/mx\/wp-json\/wp\/v2\/pages\/2587\/revisions"}],"wp:featuredmedia":[{"embeddable":true,"href":"https:\/\/agefinsa.com\/mx\/wp-json\/wp\/v2\/media\/1167"}],"wp:attachment":[{"href":"https:\/\/agefinsa.com\/mx\/wp-json\/wp\/v2\/media?parent=2587"}],"curies":[{"name":"wp","href":"https:\/\/api.w.org\/{rel}","templated":true}]}}